{"id":553,"date":"2021-04-12T18:25:46","date_gmt":"2021-04-12T18:25:46","guid":{"rendered":"http:\/\/localhost\/vigilanciaeah\/?page_id=553"},"modified":"2021-04-12T18:25:46","modified_gmt":"2021-04-12T18:25:46","slug":"tipos-de-vigilancia","status":"publish","type":"page","link":"https:\/\/vigintel.tu1trillon.com\/?page_id=553","title":{"rendered":"Herramientas de Vigilancia e Inteligencia"},"content":{"rendered":"\t\t<div data-elementor-type=\"wp-page\" data-elementor-id=\"553\" class=\"elementor elementor-553\">\n\t\t\t\t\t\t<section class=\"elementor-section elementor-top-section elementor-element elementor-element-745bd366 elementor-section-boxed elementor-section-height-default elementor-section-height-default\" data-id=\"745bd366\" data-element_type=\"section\">\n\t\t\t\t\t\t<div class=\"elementor-container elementor-column-gap-default\">\n\t\t\t\t\t<div class=\"elementor-column elementor-col-100 elementor-top-column elementor-element elementor-element-2acf2081\" data-id=\"2acf2081\" data-element_type=\"column\">\n\t\t\t<div class=\"elementor-widget-wrap elementor-element-populated\">\n\t\t\t\t\t\t<div class=\"elementor-element elementor-element-6a2d2283 elementor-widget elementor-widget-text-editor\" data-id=\"6a2d2283\" data-element_type=\"widget\" data-widget_type=\"text-editor.default\">\n\t\t\t\t<div class=\"elementor-widget-container\">\n\t\t\t\t\t\t\t\t\t\n<h4 style=\"text-align: justify;\"><span style=\"color: #000000;\">Las herramientas de Vigilancia e Inteligencia son un instrumento imprescindible para captar, procesar y transformar la gran cantidad de datos e informaci\u00f3n disponible en conocimiento \u00fatil para la toma de decisiones en una organizaci\u00f3n. Hay m\u00faltiples tipos de herramientas tecnol\u00f3gicas, se recomienda escoger las herramientas inform\u00e1ticas que mejor se adec\u00faan a cada situaci\u00f3n, por lo que hay diversas metodolog\u00edas y criterios de valoraci\u00f3n.<\/span><\/h4>\n<p>&nbsp;<\/p>\n\t\t\t\t\t\t\t\t<\/div>\n\t\t\t\t<\/div>\n\t\t\t\t\t<\/div>\n\t\t<\/div>\n\t\t\t\t\t<\/div>\n\t\t<\/section>\n\t\t\t\t<section class=\"elementor-section elementor-top-section elementor-element elementor-element-58993e7 elementor-section-boxed elementor-section-height-default elementor-section-height-default\" data-id=\"58993e7\" data-element_type=\"section\">\n\t\t\t\t\t\t<div class=\"elementor-container elementor-column-gap-default\">\n\t\t\t\t\t<div class=\"elementor-column elementor-col-50 elementor-top-column elementor-element elementor-element-925529e\" data-id=\"925529e\" data-element_type=\"column\">\n\t\t\t<div class=\"elementor-widget-wrap elementor-element-populated\">\n\t\t\t\t\t\t<div class=\"elementor-element elementor-element-fa5f800 elementor-widget elementor-widget-text-editor\" data-id=\"fa5f800\" data-element_type=\"widget\" data-widget_type=\"text-editor.default\">\n\t\t\t\t<div class=\"elementor-widget-container\">\n\t\t\t\t\t\t\t\t\t<h3><span style=\"color: #000000;\">1. Alertas<\/span><\/h3>\n<p style=\"text-align: justify;\">Las alertas son servicios personalizados de informaci\u00f3n actualizado sobre aspectos concretos de un sector o tem\u00e1tica (Ex: legislaci\u00f3n, normativa, convocatorias, eventos, art\u00edculos cient\u00edficos, patentes, ofertes tecnol\u00f3gicas, etc.).<\/p>\n<p style=\"text-align: justify;\">Actualmente m\u00faltiples instituciones y organizaciones ofrecen \u00e9stos servicios de informaci\u00f3n \u201ca la carta\u201d, previa suscripci\u00f3n o sindicaci\u00f3n (<a href=\"https:\/\/ca.wikipedia.org\/wiki\/RSS\" target=\"_blank\" rel=\"noopener noreferrer\">RSS<\/a>), que ayuden al seguimiento y detecci\u00f3n de se\u00f1ales informativas.\u00a0 Requieren la creaci\u00f3n de perfiles en estas plataformas.<\/p>\n<p>Ejemplos:<\/p>\n<ul>\n<li>\n<p>Gestor de Alertas de Google Gmail.<a href=\"https:\/\/www.google.com\/alerts\" target=\"_blank\" rel=\"noopener\">https:\/\/www.google.com\/alerts<\/a><\/p>\n<\/li>\n<li>\n<p>Sistema de Alertas de Vigilancia Tecnol\u00f3gica del OVTT: <a href=\"https:\/\/www.ovtt.org\/observa\/?cli_action=1618256110.961\" target=\"_blank\" rel=\"noopener\">https:\/\/www.ovtt.org\/observa\/?cli_action=1618256110.961<\/a><\/p>\n<\/li>\n<\/ul>\t\t\t\t\t\t\t\t<\/div>\n\t\t\t\t<\/div>\n\t\t\t\t\t<\/div>\n\t\t<\/div>\n\t\t\t\t<div class=\"elementor-column elementor-col-50 elementor-top-column elementor-element elementor-element-8d76280\" data-id=\"8d76280\" data-element_type=\"column\">\n\t\t\t<div class=\"elementor-widget-wrap elementor-element-populated\">\n\t\t\t\t\t\t<div class=\"elementor-element elementor-element-17afd16 elementor-widget elementor-widget-text-editor\" data-id=\"17afd16\" data-element_type=\"widget\" data-widget_type=\"text-editor.default\">\n\t\t\t\t<div class=\"elementor-widget-container\">\n\t\t\t\t\t\t\t\t\t<h3><span style=\"color: #000000;\">2. Software de vigilancia tecnol\u00f3gica<\/span><\/h3>\n<p>El Software de <strong>vigilancia tecnol\u00f3gica<\/strong> es una herramienta inform\u00e1tica para la gesti\u00f3n integral y sistem\u00e1tica de pr\u00e1cticas de vigilancia en sus procesos. Hay una multitud de ofertas, libres de pago, atendiendo a las diferentes fuentes de informaci\u00f3n y funcionalidades.<\/p>\n<p>Algunos de los software que hay son:<\/p>\n<ul>\n<li><a href=\"http:\/\/www.hontza.es\/es\">HONTZA<\/a> \u2013 Plataforma abierta de vigilancia tecnol\u00f3gica.<\/li>\n<\/ul>\n<ul>\n<li><a href=\"http:\/\/www.softvt.com\/\">SOFTVT<\/a> \u2013 Herramienta de vigilancia tecnol\u00f3gica<\/li>\n<\/ul>\n<ul>\n<li><a href=\"https:\/\/www.vicubocloud.es\/\">VICUBO<\/a> \u2013 Software para la vigilancia tecnol\u00f3gica e inteligencia tecnol\u00f3gica e inteligencia competitiva.<\/li>\n<\/ul>\n<ul>\n<li><a href=\"http:\/\/www.miraintelligence.com\/\">Miraintelligence<\/a>.<\/li>\n<\/ul>\n<ul>\n<li><a href=\"http:\/\/www.vigiale.com\/\">Vigiale<\/a> \u2013 Vigilancia Tecnol\u00f3gica y Gesti\u00f3n de la Innovaci\u00f3n Tecnol\u00f3gica<\/li>\n<\/ul>\n<ul>\n<li><a href=\"http:\/\/www.xerka.net\/\">XERKA<\/a> \u2013 Plataforma para la Vigilancia Empresarial y la Inteligencia Competitiva<\/li>\n<\/ul>\n<ul>\n<li><a href=\"https:\/\/www.innguma.com\/es\">Innguma<\/a>. Software de Inteligencia Competitiva y Vigilancia Tecnol\u00f3gica.<\/li>\n<\/ul>\n<p>\u00a0<\/p>\t\t\t\t\t\t\t\t<\/div>\n\t\t\t\t<\/div>\n\t\t\t\t\t<\/div>\n\t\t<\/div>\n\t\t\t\t\t<\/div>\n\t\t<\/section>\n\t\t\t\t<section class=\"elementor-section elementor-top-section elementor-element elementor-element-667cd2f elementor-section-boxed elementor-section-height-default elementor-section-height-default\" data-id=\"667cd2f\" data-element_type=\"section\">\n\t\t\t\t\t\t<div class=\"elementor-container elementor-column-gap-default\">\n\t\t\t\t\t<div class=\"elementor-column elementor-col-100 elementor-top-column elementor-element elementor-element-b29427a\" data-id=\"b29427a\" data-element_type=\"column\">\n\t\t\t<div class=\"elementor-widget-wrap elementor-element-populated\">\n\t\t\t\t\t\t<div class=\"elementor-element elementor-element-d24729d elementor-widget elementor-widget-image\" data-id=\"d24729d\" data-element_type=\"widget\" data-widget_type=\"image.default\">\n\t\t\t\t<div class=\"elementor-widget-container\">\n\t\t\t\t\t\t\t\t\t\t\t\t\t\t\t<img fetchpriority=\"high\" decoding=\"async\" width=\"287\" height=\"175\" src=\"https:\/\/vigintel.tu1trillon.com\/wp-content\/uploads\/2021\/04\/software.jpeg\" class=\"attachment-2048x2048 size-2048x2048 wp-image-573\" alt=\"\" \/>\t\t\t\t\t\t\t\t\t\t\t\t\t\t\t<\/div>\n\t\t\t\t<\/div>\n\t\t\t\t\t<\/div>\n\t\t<\/div>\n\t\t\t\t\t<\/div>\n\t\t<\/section>\n\t\t\t\t<\/div>\n\t\t","protected":false},"excerpt":{"rendered":"<p>Las herramientas de Vigilancia e Inteligencia son un instrumento imprescindible para captar, procesar y transformar la gran cantidad de datos e informaci\u00f3n disponible en conocimiento \u00fatil para la toma de decisiones en una organizaci\u00f3n. Hay m\u00faltiples tipos de herramientas tecnol\u00f3gicas, se recomienda escoger las herramientas inform\u00e1ticas que mejor se adec\u00faan a cada situaci\u00f3n, por lo<\/p>\n","protected":false},"author":1,"featured_media":0,"parent":0,"menu_order":0,"comment_status":"closed","ping_status":"closed","template":"","meta":{"footnotes":""},"class_list":["post-553","page","type-page","status-publish","hentry"],"_links":{"self":[{"href":"https:\/\/vigintel.tu1trillon.com\/index.php?rest_route=\/wp\/v2\/pages\/553","targetHints":{"allow":["GET"]}}],"collection":[{"href":"https:\/\/vigintel.tu1trillon.com\/index.php?rest_route=\/wp\/v2\/pages"}],"about":[{"href":"https:\/\/vigintel.tu1trillon.com\/index.php?rest_route=\/wp\/v2\/types\/page"}],"author":[{"embeddable":true,"href":"https:\/\/vigintel.tu1trillon.com\/index.php?rest_route=\/wp\/v2\/users\/1"}],"replies":[{"embeddable":true,"href":"https:\/\/vigintel.tu1trillon.com\/index.php?rest_route=%2Fwp%2Fv2%2Fcomments&post=553"}],"version-history":[{"count":1,"href":"https:\/\/vigintel.tu1trillon.com\/index.php?rest_route=\/wp\/v2\/pages\/553\/revisions"}],"predecessor-version":[{"id":1632,"href":"https:\/\/vigintel.tu1trillon.com\/index.php?rest_route=\/wp\/v2\/pages\/553\/revisions\/1632"}],"wp:attachment":[{"href":"https:\/\/vigintel.tu1trillon.com\/index.php?rest_route=%2Fwp%2Fv2%2Fmedia&parent=553"}],"curies":[{"name":"wp","href":"https:\/\/api.w.org\/{rel}","templated":true}]}}