{"id":1517,"date":"2025-10-16T19:24:23","date_gmt":"2025-10-16T19:24:23","guid":{"rendered":"http:\/\/localhost\/sistema_vei_slm\/?page_id=1517"},"modified":"2025-10-16T19:54:59","modified_gmt":"2025-10-16T19:54:59","slug":"aspectos-conceptuales","status":"publish","type":"page","link":"https:\/\/vigintel.tu1trillon.com\/?page_id=1517","title":{"rendered":"Aspectos Conceptuales"},"content":{"rendered":"\t\t<div data-elementor-type=\"wp-page\" data-elementor-id=\"1517\" class=\"elementor elementor-1517\">\n\t\t\t\t\t\t<section class=\"elementor-section elementor-top-section elementor-element elementor-element-acafb6d elementor-section-boxed elementor-section-height-default elementor-section-height-default\" data-id=\"acafb6d\" data-element_type=\"section\">\n\t\t\t\t\t\t<div class=\"elementor-container elementor-column-gap-default\">\n\t\t\t\t\t<div class=\"elementor-column elementor-col-100 elementor-top-column elementor-element elementor-element-d73210e\" data-id=\"d73210e\" data-element_type=\"column\">\n\t\t\t<div class=\"elementor-widget-wrap elementor-element-populated\">\n\t\t\t\t\t\t<div class=\"elementor-element elementor-element-f6cbd14 elementor-widget elementor-widget-heading\" data-id=\"f6cbd14\" data-element_type=\"widget\" data-widget_type=\"heading.default\">\n\t\t\t\t<div class=\"elementor-widget-container\">\n\t\t\t\t\t<h1 class=\"elementor-heading-title elementor-size-default\">Aspectos Conceptuales<\/h1>\t\t\t\t<\/div>\n\t\t\t\t<\/div>\n\t\t\t\t\t<\/div>\n\t\t<\/div>\n\t\t\t\t\t<\/div>\n\t\t<\/section>\n\t\t\t\t<section class=\"elementor-section elementor-top-section elementor-element elementor-element-5b405bc elementor-section-boxed elementor-section-height-default elementor-section-height-default\" data-id=\"5b405bc\" data-element_type=\"section\">\n\t\t\t\t\t\t<div class=\"elementor-container elementor-column-gap-default\">\n\t\t\t\t\t<div class=\"elementor-column elementor-col-100 elementor-top-column elementor-element elementor-element-ca734f2\" data-id=\"ca734f2\" data-element_type=\"column\">\n\t\t\t<div class=\"elementor-widget-wrap elementor-element-populated\">\n\t\t\t\t\t\t<div class=\"elementor-element elementor-element-e286358 elementor-widget elementor-widget-image\" data-id=\"e286358\" data-element_type=\"widget\" data-widget_type=\"image.default\">\n\t\t\t\t<div class=\"elementor-widget-container\">\n\t\t\t\t\t\t\t\t\t\t\t\t\t\t\t<img fetchpriority=\"high\" decoding=\"async\" width=\"225\" height=\"225\" src=\"https:\/\/vigintel.tu1trillon.com\/wp-content\/uploads\/2025\/10\/VT-2.jpeg\" class=\"attachment-full size-full wp-image-1523\" alt=\"\" srcset=\"https:\/\/vigintel.tu1trillon.com\/wp-content\/uploads\/2025\/10\/VT-2.jpeg 225w, https:\/\/vigintel.tu1trillon.com\/wp-content\/uploads\/2025\/10\/VT-2-150x150.jpeg 150w\" sizes=\"(max-width: 225px) 100vw, 225px\" \/>\t\t\t\t\t\t\t\t\t\t\t\t\t\t\t<\/div>\n\t\t\t\t<\/div>\n\t\t\t\t\t<\/div>\n\t\t<\/div>\n\t\t\t\t\t<\/div>\n\t\t<\/section>\n\t\t\t\t<section class=\"elementor-section elementor-top-section elementor-element elementor-element-76c31d9 elementor-section-boxed elementor-section-height-default elementor-section-height-default\" data-id=\"76c31d9\" data-element_type=\"section\">\n\t\t\t\t\t\t<div class=\"elementor-container elementor-column-gap-default\">\n\t\t\t\t\t<div class=\"elementor-column elementor-col-100 elementor-top-column elementor-element elementor-element-bf676b2\" data-id=\"bf676b2\" data-element_type=\"column\">\n\t\t\t<div class=\"elementor-widget-wrap elementor-element-populated\">\n\t\t\t\t\t\t<div class=\"elementor-element elementor-element-55cbce8 elementor-widget elementor-widget-text-editor\" data-id=\"55cbce8\" data-element_type=\"widget\" data-widget_type=\"text-editor.default\">\n\t\t\t\t<div class=\"elementor-widget-container\">\n\t\t\t\t\t\t\t\t\t<p style=\"text-align: justify;\"><span style=\"color: #000000;\">Las bases metodol\u00f3gicas para la organizaci\u00f3n y la sistematizaci\u00f3n de la VeIE se encuentran en las norma Las bases metodol\u00f3gicas para la organizaci\u00f3n y la sistematizaci\u00f3n de la VeIE se encuentran en las normas NC: 1308 2019. Gesti\u00f3n de la I+D+i. Sistema de Vigilancia e Inteligencia, que es una adopci\u00f3n id\u00e9ntica de la Norma Espa\u00f1ola UNE 166006 de abril de 2018 en el marco del Convenio NC-UNE -AENOR que autoriza su uso a NC; as\u00ed como la ISO 9001:2015, que facilita su integraci\u00f3n en la din\u00e1mica organizacional a trav\u00e9s de su vinculaci\u00f3n con la planificaci\u00f3n estrat\u00e9gica y con los sistemas de gesti\u00f3n de: calidad, innovaci\u00f3n, la informaci\u00f3n comunicaci\u00f3n, las personas, y las tecnolog\u00edas.<\/span><span style=\"color: #000000;\">; as\u00ed como la ISO 9001:2015, que facilita su integraci\u00f3n en la din\u00e1mica organizacional a trav\u00e9s de su vinculaci\u00f3n con la planificaci\u00f3n estrat\u00e9gica y con los sistemas de gesti\u00f3n de: calidad, innovaci\u00f3n, la informaci\u00f3n comunicaci\u00f3n, las personas, y las tecnolog\u00edas.<\/span><\/p><p><img decoding=\"async\" class=\"alignnone wp-image-37\" src=\"http:\/\/localhost\/sistema_vei_slm\/wp-content\/uploads\/2023\/02\/pdf.jpg\" alt=\"\" width=\"50\" height=\"50\" srcset=\"https:\/\/vigintel.tu1trillon.com\/wp-content\/uploads\/2023\/02\/pdf.jpg 225w, https:\/\/vigintel.tu1trillon.com\/wp-content\/uploads\/2023\/02\/pdf-150x150.jpg 150w\" sizes=\"(max-width: 50px) 100vw, 50px\" \/><a href=\"http:\/\/localhost\/sistema_vei_slm\/wp-content\/uploads\/2025\/10\/cuba_nc_1308.pdf\">NC 1308: 2019. Gesti\u00f3n de la I+D+i: Sistema de Vigilancia e Inteligencia<\/a><\/p>\t\t\t\t\t\t\t\t<\/div>\n\t\t\t\t<\/div>\n\t\t\t\t<div class=\"elementor-element elementor-element-0737700 elementor-widget elementor-widget-spacer\" data-id=\"0737700\" data-element_type=\"widget\" data-widget_type=\"spacer.default\">\n\t\t\t\t<div class=\"elementor-widget-container\">\n\t\t\t\t\t\t\t<div class=\"elementor-spacer\">\n\t\t\t<div class=\"elementor-spacer-inner\"><\/div>\n\t\t<\/div>\n\t\t\t\t\t\t<\/div>\n\t\t\t\t<\/div>\n\t\t\t\t\t<\/div>\n\t\t<\/div>\n\t\t\t\t\t<\/div>\n\t\t<\/section>\n\t\t\t\t<section class=\"elementor-section elementor-top-section elementor-element elementor-element-619f743 elementor-section-boxed elementor-section-height-default elementor-section-height-default\" data-id=\"619f743\" data-element_type=\"section\">\n\t\t\t\t\t\t<div class=\"elementor-container elementor-column-gap-default\">\n\t\t\t\t\t<div class=\"elementor-column elementor-col-100 elementor-top-column elementor-element elementor-element-afe4950\" data-id=\"afe4950\" data-element_type=\"column\">\n\t\t\t<div class=\"elementor-widget-wrap elementor-element-populated\">\n\t\t\t\t\t\t<div class=\"elementor-element elementor-element-9244345 elementor-widget elementor-widget-heading\" data-id=\"9244345\" data-element_type=\"widget\" data-widget_type=\"heading.default\">\n\t\t\t\t<div class=\"elementor-widget-container\">\n\t\t\t\t\t<h2 class=\"elementor-heading-title elementor-size-default\">Concepto de Vigilancia e inteligencia<\/h2>\t\t\t\t<\/div>\n\t\t\t\t<\/div>\n\t\t\t\t\t<\/div>\n\t\t<\/div>\n\t\t\t\t\t<\/div>\n\t\t<\/section>\n\t\t\t\t<section class=\"elementor-section elementor-top-section elementor-element elementor-element-935c3f4 elementor-section-boxed elementor-section-height-default elementor-section-height-default\" data-id=\"935c3f4\" data-element_type=\"section\">\n\t\t\t\t\t\t<div class=\"elementor-container elementor-column-gap-default\">\n\t\t\t\t\t<div class=\"elementor-column elementor-col-100 elementor-top-column elementor-element elementor-element-5230893\" data-id=\"5230893\" data-element_type=\"column\">\n\t\t\t<div class=\"elementor-widget-wrap elementor-element-populated\">\n\t\t\t\t\t\t<div class=\"elementor-element elementor-element-5b8875a elementor-widget elementor-widget-text-editor\" data-id=\"5b8875a\" data-element_type=\"widget\" data-widget_type=\"text-editor.default\">\n\t\t\t\t<div class=\"elementor-widget-container\">\n\t\t\t\t\t\t\t\t\t<p><span style=\"color: #000000;\">Es un proceso \u00e9tico y sistem\u00e1tico de recolecci\u00f3n y an\u00e1lisis de la informaci\u00f3n acerca del ambiente de negocios, de los competidores y de la propia organizaci\u00f3n, y comunicaci\u00f3n de su significado e implicaciones destinada a la toma de decisiones.<\/span><\/p><p><span style=\"color: #000000;\">Caracterizado por:<\/span><\/p><ul><li title=\"\" data-original-title=\"\"><p><span style=\"color: #000000;\">Representar una <b>herramienta estrat\u00e9gica para mejorar la toma de decisiones de las organizaciones <\/b>en el actual contexto tecnol\u00f3gico.<\/span><\/p><\/li><li title=\"\" data-original-title=\"\"><p><span style=\"color: #000000;\">Ayuda a <b>implementar procesos sistem\u00e1ticos <\/b>de captura, an\u00e1lisis, difusi\u00f3n y aprovechamiento estrat\u00e9gico de informaci\u00f3n estrat\u00e9gica <b>para la anticipaci\u00f3n de cambios, la reducci\u00f3n de riesgos e incertidumbres o la detecci\u00f3n de oportunidades de innovaci\u00f3n<\/b>, entre otras ventajas.<\/span><\/p><\/li><\/ul>\t\t\t\t\t\t\t\t<\/div>\n\t\t\t\t<\/div>\n\t\t\t\t<div class=\"elementor-element elementor-element-317c598 elementor-widget-divider--view-line_icon elementor-view-default elementor-widget-divider--element-align-center elementor-widget elementor-widget-divider\" data-id=\"317c598\" data-element_type=\"widget\" data-widget_type=\"divider.default\">\n\t\t\t\t<div class=\"elementor-widget-container\">\n\t\t\t\t\t\t\t<div class=\"elementor-divider\">\n\t\t\t<span class=\"elementor-divider-separator\">\n\t\t\t\t\t\t\t<div class=\"elementor-icon elementor-divider__element\">\n\t\t\t\t\t<i aria-hidden=\"true\" class=\"fas fa-star\"><\/i><\/div>\n\t\t\t\t\t\t<\/span>\n\t\t<\/div>\n\t\t\t\t\t\t<\/div>\n\t\t\t\t<\/div>\n\t\t\t\t\t<\/div>\n\t\t<\/div>\n\t\t\t\t\t<\/div>\n\t\t<\/section>\n\t\t\t\t<section class=\"elementor-section elementor-top-section elementor-element elementor-element-99af651 elementor-section-boxed elementor-section-height-default elementor-section-height-default\" data-id=\"99af651\" data-element_type=\"section\">\n\t\t\t\t\t\t<div class=\"elementor-container elementor-column-gap-default\">\n\t\t\t\t\t<div class=\"elementor-column elementor-col-100 elementor-top-column elementor-element elementor-element-8e76e48\" data-id=\"8e76e48\" data-element_type=\"column\">\n\t\t\t<div class=\"elementor-widget-wrap elementor-element-populated\">\n\t\t\t\t\t\t<div class=\"elementor-element elementor-element-85465bf elementor-widget elementor-widget-image\" data-id=\"85465bf\" data-element_type=\"widget\" data-widget_type=\"image.default\">\n\t\t\t\t<div class=\"elementor-widget-container\">\n\t\t\t\t\t\t\t\t\t\t\t\t\t\t\t<img decoding=\"async\" width=\"385\" height=\"131\" src=\"https:\/\/vigintel.tu1trillon.com\/wp-content\/uploads\/2025\/10\/novedades.jpeg\" class=\"attachment-large size-large wp-image-1537\" alt=\"\" srcset=\"https:\/\/vigintel.tu1trillon.com\/wp-content\/uploads\/2025\/10\/novedades.jpeg 385w, https:\/\/vigintel.tu1trillon.com\/wp-content\/uploads\/2025\/10\/novedades-300x102.jpeg 300w\" sizes=\"(max-width: 385px) 100vw, 385px\" \/>\t\t\t\t\t\t\t\t\t\t\t\t\t\t\t<\/div>\n\t\t\t\t<\/div>\n\t\t\t\t\t<\/div>\n\t\t<\/div>\n\t\t\t\t\t<\/div>\n\t\t<\/section>\n\t\t\t\t<section class=\"elementor-section elementor-top-section elementor-element elementor-element-ac3f4fb elementor-section-boxed elementor-section-height-default elementor-section-height-default\" data-id=\"ac3f4fb\" data-element_type=\"section\">\n\t\t\t\t\t\t<div class=\"elementor-container elementor-column-gap-default\">\n\t\t\t\t\t<div class=\"elementor-column elementor-col-33 elementor-top-column elementor-element elementor-element-e7743e1\" data-id=\"e7743e1\" data-element_type=\"column\">\n\t\t\t<div class=\"elementor-widget-wrap elementor-element-populated\">\n\t\t\t\t\t\t<div class=\"elementor-element elementor-element-c315e8f elementor-widget elementor-widget-image\" data-id=\"c315e8f\" data-element_type=\"widget\" data-widget_type=\"image.default\">\n\t\t\t\t<div class=\"elementor-widget-container\">\n\t\t\t\t\t\t\t\t\t\t\t\t\t\t\t<img loading=\"lazy\" decoding=\"async\" width=\"301\" height=\"167\" src=\"https:\/\/vigintel.tu1trillon.com\/wp-content\/uploads\/2025\/10\/VT-en-red.jpeg\" class=\"attachment-large size-large wp-image-1538\" alt=\"\" \/>\t\t\t\t\t\t\t\t\t\t\t\t\t\t\t<\/div>\n\t\t\t\t<\/div>\n\t\t\t\t<div class=\"elementor-element elementor-element-5f9dbec elementor-widget elementor-widget-text-editor\" data-id=\"5f9dbec\" data-element_type=\"widget\" data-widget_type=\"text-editor.default\">\n\t\t\t\t<div class=\"elementor-widget-container\">\n\t\t\t\t\t\t\t\t\t<p style=\"text-align: justify;\"><span style=\"color: #000000;\">Aporta pautas para la realizaci\u00f3n de la <b>V<\/b><b>igilancia e<\/b> <b>Inteligencia <\/b><b>en Red<\/b>, esto aborda la posibilidad de que estas actividades se realicen de manera colaborativa.<\/span><\/p>\t\t\t\t\t\t\t\t<\/div>\n\t\t\t\t<\/div>\n\t\t\t\t\t<\/div>\n\t\t<\/div>\n\t\t\t\t<div class=\"elementor-column elementor-col-33 elementor-top-column elementor-element elementor-element-275ec52\" data-id=\"275ec52\" data-element_type=\"column\">\n\t\t\t<div class=\"elementor-widget-wrap elementor-element-populated\">\n\t\t\t\t\t\t<div class=\"elementor-element elementor-element-9febea0 elementor-widget elementor-widget-text-editor\" data-id=\"9febea0\" data-element_type=\"widget\" data-widget_type=\"text-editor.default\">\n\t\t\t\t<div class=\"elementor-widget-container\">\n\t\t\t\t\t\t\t\t\t<p style=\"text-align: justify;\"><span style=\"color: #000000;\">Incorpora recomendaciones para la Vigilancia y la Inteligencia basada en el <b>uso intensivo de datos<\/b> (Big Data en el mundo anglosaj\u00f3n).<\/span><\/p>\t\t\t\t\t\t\t\t<\/div>\n\t\t\t\t<\/div>\n\t\t\t\t<div class=\"elementor-element elementor-element-332e92e elementor-widget elementor-widget-image\" data-id=\"332e92e\" data-element_type=\"widget\" data-widget_type=\"image.default\">\n\t\t\t\t<div class=\"elementor-widget-container\">\n\t\t\t\t\t\t\t\t\t\t\t\t\t\t\t<img loading=\"lazy\" decoding=\"async\" width=\"298\" height=\"169\" src=\"https:\/\/vigintel.tu1trillon.com\/wp-content\/uploads\/2025\/10\/big-data.jpeg\" class=\"attachment-large size-large wp-image-1542\" alt=\"\" \/>\t\t\t\t\t\t\t\t\t\t\t\t\t\t\t<\/div>\n\t\t\t\t<\/div>\n\t\t\t\t\t<\/div>\n\t\t<\/div>\n\t\t\t\t<div class=\"elementor-column elementor-col-33 elementor-top-column elementor-element elementor-element-653def9\" data-id=\"653def9\" data-element_type=\"column\">\n\t\t\t<div class=\"elementor-widget-wrap elementor-element-populated\">\n\t\t\t\t\t\t<div class=\"elementor-element elementor-element-90e55dd elementor-widget elementor-widget-image\" data-id=\"90e55dd\" data-element_type=\"widget\" data-widget_type=\"image.default\">\n\t\t\t\t<div class=\"elementor-widget-container\">\n\t\t\t\t\t\t\t\t\t\t\t\t\t\t\t<img loading=\"lazy\" decoding=\"async\" width=\"300\" height=\"149\" src=\"https:\/\/vigintel.tu1trillon.com\/wp-content\/uploads\/2025\/10\/visualizacion-resultados-300x149-1.jpeg\" class=\"attachment-large size-large wp-image-1546\" alt=\"\" \/>\t\t\t\t\t\t\t\t\t\t\t\t\t\t\t<\/div>\n\t\t\t\t<\/div>\n\t\t\t\t<div class=\"elementor-element elementor-element-4012b7b elementor-widget elementor-widget-text-editor\" data-id=\"4012b7b\" data-element_type=\"widget\" data-widget_type=\"text-editor.default\">\n\t\t\t\t<div class=\"elementor-widget-container\">\n\t\t\t\t\t\t\t\t\t<p style=\"text-align: justify;\"><span style=\"color: #000000;\">Incluye directrices y ejemplos para la <b>visualizaci\u00f3n de los resultados<\/b> de vigilancia e inteligencia, un elemento de extremada utilidad para el an\u00e1lisis de la informaci\u00f3n y la toma de decisiones.<\/span><\/p>\t\t\t\t\t\t\t\t<\/div>\n\t\t\t\t<\/div>\n\t\t\t\t\t<\/div>\n\t\t<\/div>\n\t\t\t\t\t<\/div>\n\t\t<\/section>\n\t\t\t\t<\/div>\n\t\t","protected":false},"excerpt":{"rendered":"<p>Aspectos Conceptuales Las bases metodol\u00f3gicas para la organizaci\u00f3n y la sistematizaci\u00f3n de la VeIE se encuentran en las norma Las bases metodol\u00f3gicas para la organizaci\u00f3n y la sistematizaci\u00f3n de la VeIE se encuentran en las normas NC: 1308 2019. Gesti\u00f3n de la I+D+i. Sistema de Vigilancia e Inteligencia, que es una adopci\u00f3n id\u00e9ntica de la<\/p>\n","protected":false},"author":1,"featured_media":0,"parent":0,"menu_order":0,"comment_status":"closed","ping_status":"closed","template":"fullwidth.php","meta":{"footnotes":""},"class_list":["post-1517","page","type-page","status-publish","hentry"],"_links":{"self":[{"href":"https:\/\/vigintel.tu1trillon.com\/index.php?rest_route=\/wp\/v2\/pages\/1517","targetHints":{"allow":["GET"]}}],"collection":[{"href":"https:\/\/vigintel.tu1trillon.com\/index.php?rest_route=\/wp\/v2\/pages"}],"about":[{"href":"https:\/\/vigintel.tu1trillon.com\/index.php?rest_route=\/wp\/v2\/types\/page"}],"author":[{"embeddable":true,"href":"https:\/\/vigintel.tu1trillon.com\/index.php?rest_route=\/wp\/v2\/users\/1"}],"replies":[{"embeddable":true,"href":"https:\/\/vigintel.tu1trillon.com\/index.php?rest_route=%2Fwp%2Fv2%2Fcomments&post=1517"}],"version-history":[{"count":41,"href":"https:\/\/vigintel.tu1trillon.com\/index.php?rest_route=\/wp\/v2\/pages\/1517\/revisions"}],"predecessor-version":[{"id":1566,"href":"https:\/\/vigintel.tu1trillon.com\/index.php?rest_route=\/wp\/v2\/pages\/1517\/revisions\/1566"}],"wp:attachment":[{"href":"https:\/\/vigintel.tu1trillon.com\/index.php?rest_route=%2Fwp%2Fv2%2Fmedia&parent=1517"}],"curies":[{"name":"wp","href":"https:\/\/api.w.org\/{rel}","templated":true}]}}