{"id":1415,"date":"2025-07-28T16:36:58","date_gmt":"2025-07-28T16:36:58","guid":{"rendered":"https:\/\/localhost\/sistema_vei_slm\/?page_id=1415"},"modified":"2025-07-28T16:52:00","modified_gmt":"2025-07-28T16:52:00","slug":"clientes-nacionales-conforman-la-parte-interesada-externa","status":"publish","type":"page","link":"https:\/\/vigintel.tu1trillon.com\/?page_id=1415","title":{"rendered":"CLIENTES NACIONALES"},"content":{"rendered":"\t\t<div data-elementor-type=\"wp-page\" data-elementor-id=\"1415\" class=\"elementor elementor-1415\">\n\t\t\t\t\t\t<section class=\"elementor-section elementor-top-section elementor-element elementor-element-3ede7398 elementor-section-boxed elementor-section-height-default elementor-section-height-default\" data-id=\"3ede7398\" data-element_type=\"section\">\n\t\t\t\t\t\t<div class=\"elementor-container elementor-column-gap-default\">\n\t\t\t\t\t<div class=\"elementor-column elementor-col-100 elementor-top-column elementor-element elementor-element-7b23afb9\" data-id=\"7b23afb9\" data-element_type=\"column\">\n\t\t\t<div class=\"elementor-widget-wrap elementor-element-populated\">\n\t\t\t\t\t\t<div class=\"elementor-element elementor-element-1ec6703 elementor-widget elementor-widget-text-editor\" data-id=\"1ec6703\" data-element_type=\"widget\" data-widget_type=\"text-editor.default\">\n\t\t\t\t<div class=\"elementor-widget-container\">\n\t\t\t\t\t\t\t\t\t<p><\/p>\n<p>La empresa cubana Servicios Log\u00edsticos Mariel S.A. (SLM), ha sido aprobada como usuario de la ZED Mariel para operaciones log\u00edsticas, que incluyen la operaci\u00f3n de la Plataforma Log\u00edstica No.1 con una capacidad de almacenaje de 10 mil m\u00b2 para cargas secas y 5 mil m\u00b3 para cargas refrigeradas.<\/p>\n<p><\/p>\n<p><\/p>\n<p>SLM desarrollar\u00e1 adem\u00e1s todo un conjunto de servicios log\u00edsticos, que incluyen consolidaci\u00f3n y desconsolidaci\u00f3n de cargas, recogida de desechos, suministro de combustible a embarcaciones, as\u00ed como servicios de protecci\u00f3n, entre otros.<\/p>\n<p>Conforman la Parte Interesada Externa<\/p>\n<p><\/p>\n<p>\n<table id=\"tablepress-2-no-3\" class=\"tablepress tablepress-id-2\">\n<thead>\n<tr class=\"row-1 odd\">\n\t<th class=\"column-1\">No<\/th><th class=\"column-2\"><strong>Entidades Nacionales<\/strong><\/th>\n<\/tr>\n<\/thead>\n<tbody class=\"row-hover\">\n<tr class=\"row-2 even\">\n\t<td class=\"column-1\">1<\/td><td class=\"column-2\">Empresa Mixta Industria ARTHIS, S.A.<\/td>\n<\/tr>\n<tr class=\"row-3 odd\">\n\t<td class=\"column-1\">2<\/td><td class=\"column-2\">ALZARA, grupo de Comunicaci\u00f3n S.L<\/td>\n<\/tr>\n<tr class=\"row-4 even\">\n\t<td class=\"column-1\">3<\/td><td class=\"column-2\">Empresa El\u00e9ctrica Artemisa<\/td>\n<\/tr>\n<tr class=\"row-5 odd\">\n\t<td class=\"column-1\">4<\/td><td class=\"column-2\">Fiscal\u00eda Provincial de Artemisa<\/td>\n<\/tr>\n<tr class=\"row-6 even\">\n\t<td class=\"column-1\">5<\/td><td class=\"column-2\">Empresa de Mantenimientos a Centrales El\u00e9ctricas<\/td>\n<\/tr>\n<tr class=\"row-7 odd\">\n\t<td class=\"column-1\">6<\/td><td class=\"column-2\">Empresa Mixta Industria UNEVOL, S.A.<\/td>\n<\/tr>\n<tr class=\"row-8 even\">\n\t<td class=\"column-1\">7<\/td><td class=\"column-2\">Unidad Militar 3219<\/td>\n<\/tr>\n<tr class=\"row-9 odd\">\n\t<td class=\"column-1\">8<\/td><td class=\"column-2\">Empresa de Transporte Tur\u00edstico TRANSTUR S.A.<\/td>\n<\/tr>\n<tr class=\"row-10 even\">\n\t<td class=\"column-1\">9<\/td><td class=\"column-2\">Empresa de Construcci\u00f3n y Montaje del Mariel <\/td>\n<\/tr>\n<tr class=\"row-11 odd\">\n\t<td class=\"column-1\">10<\/td><td class=\"column-2\">Sociedad de Responsabilidad Limitada RECLITEC S.R.L<\/td>\n<\/tr>\n<tr class=\"row-12 even\">\n\t<td class=\"column-1\">11<\/td><td class=\"column-2\">Empresa de Servicios T\u00e9cnicos y Log\u00edstica Especializada del Tabaco <\/td>\n<\/tr>\n<tr class=\"row-13 odd\">\n\t<td class=\"column-1\">12<\/td><td class=\"column-2\">Agencia SASA MULTIMARCAS<\/td>\n<\/tr>\n<tr class=\"row-14 even\">\n\t<td class=\"column-1\">13<\/td><td class=\"column-2\">DELTA<\/td>\n<\/tr>\n<tr class=\"row-15 odd\">\n\t<td class=\"column-1\">14<\/td><td class=\"column-2\">Cuba Catering<\/td>\n<\/tr>\n<tr class=\"row-16 even\">\n\t<td class=\"column-1\">15<\/td><td class=\"column-2\">Empresa Oleo hidr\u00e1ulica Cienfuegos<\/td>\n<\/tr>\n<tr class=\"row-17 odd\">\n\t<td class=\"column-1\">16<\/td><td class=\"column-2\">UNIDAD BASICA DE SERVICIOS MARITIMOS MARIEL<\/td>\n<\/tr>\n<tr class=\"row-18 even\">\n\t<td class=\"column-1\">17<\/td><td class=\"column-2\">Hospital Ciro Redondo <\/td>\n<\/tr>\n<tr class=\"row-19 odd\">\n\t<td class=\"column-1\">18<\/td><td class=\"column-2\">Servicios Portuarios<\/td>\n<\/tr>\n<tr class=\"row-20 even\">\n\t<td class=\"column-1\">19<\/td><td class=\"column-2\">Empresa Provincial de Operaciones Log\u00edsticas EPOLA<\/td>\n<\/tr>\n<tr class=\"row-21 odd\">\n\t<td class=\"column-1\">20<\/td><td class=\"column-2\">Sucursal AUSERVI<\/td>\n<\/tr>\n<tr class=\"row-22 even\">\n\t<td class=\"column-1\">21<\/td><td class=\"column-2\">Sucursal AUSERVI<\/td>\n<\/tr>\n<tr class=\"row-23 odd\">\n\t<td class=\"column-1\">22<\/td><td class=\"column-2\">CIMEX Mariel Torrefactora<\/td>\n<\/tr>\n<tr class=\"row-24 even\">\n\t<td class=\"column-1\">23<\/td><td class=\"column-2\">Empresa Pr\u00e1cticos de Cuba UEB Occidente<\/td>\n<\/tr>\n<tr class=\"row-25 odd\">\n\t<td class=\"column-1\">24<\/td><td class=\"column-2\">Sucursal AUSERVI<\/td>\n<\/tr>\n<tr class=\"row-26 even\">\n\t<td class=\"column-1\">25<\/td><td class=\"column-2\">Agencia de Seguridad y Protecci\u00f3n Wajay Valle Grande<\/td>\n<\/tr>\n<tr class=\"row-27 odd\">\n\t<td class=\"column-1\">26<\/td><td class=\"column-2\">Agencia de Seguridad y Protecci\u00f3n SASA Multimarca<\/td>\n<\/tr>\n<tr class=\"row-28 even\">\n\t<td class=\"column-1\">27<\/td><td class=\"column-2\">Agencia de Seguridad y Protecci\u00f3n ALMEST<\/td>\n<\/tr>\n<tr class=\"row-29 odd\">\n\t<td class=\"column-1\">28<\/td><td class=\"column-2\">Agencia de Seguridad y Protecci\u00f3n AGENCIA DE SERVICIOS TECNICOS<\/td>\n<\/tr>\n<tr class=\"row-30 even\">\n\t<td class=\"column-1\">29<\/td><td class=\"column-2\">Agencia de Seguridad y Protecci\u00f3n AGENCIA DE SEGURIDAD Y PROTECCION<\/td>\n<\/tr>\n<tr class=\"row-31 odd\">\n\t<td class=\"column-1\">30<\/td><td class=\"column-2\">Agencia de Seguridad y Protecci\u00f3n AGENCIA DE SEGURIDAD Y PROTECCION<\/td>\n<\/tr>\n<tr class=\"row-32 even\">\n\t<td class=\"column-1\">31<\/td><td class=\"column-2\">Agencia de Seguridad y Protecci\u00f3n CMHM- MORRO CABA\u00d1A<\/td>\n<\/tr>\n<tr class=\"row-33 odd\">\n\t<td class=\"column-1\">32<\/td><td class=\"column-2\">Agencia de Seguridad y Protecci\u00f3n SASA LA PALMA<\/td>\n<\/tr>\n<tr class=\"row-34 even\">\n\t<td class=\"column-1\">33<\/td><td class=\"column-2\">Empresa VIMARIEL S.A.<\/td>\n<\/tr>\n<tr class=\"row-35 odd\">\n\t<td class=\"column-1\">34<\/td><td class=\"column-2\">CIMEX Mariel S.A.<\/td>\n<\/tr>\n<tr class=\"row-36 even\">\n\t<td class=\"column-1\">35<\/td><td class=\"column-2\">Servicios Portuarios Mariel S.A.<\/td>\n<\/tr>\n<tr class=\"row-37 odd\">\n\t<td class=\"column-1\">36<\/td><td class=\"column-2\">La Sociedad Mercantil DUNAS S.A.<\/td>\n<\/tr>\n<tr class=\"row-38 even\">\n\t<td class=\"column-1\">37<\/td><td class=\"column-2\">La Sociedad Mercantil Empleadora Mariel S.A.<\/td>\n<\/tr>\n<tr class=\"row-39 odd\">\n\t<td class=\"column-1\">38<\/td><td class=\"column-2\">Empresa Filial Conformadora Guanajay<\/td>\n<\/tr>\n<tr class=\"row-40 even\">\n\t<td class=\"column-1\">39<\/td><td class=\"column-2\">UEB Agencia Consignataria Mambisa Mariel<\/td>\n<\/tr>\n<tr class=\"row-41 odd\">\n\t<td class=\"column-1\">40<\/td><td class=\"column-2\">SOCIEDAD MERCANTIL PRIVADA CORPORACI\u00d3N COPEXTEL S.A. DIVISI\u00d3N TERRITORIAL ARTEMISA.<\/td>\n<\/tr>\n<tr class=\"row-42 even\">\n\t<td class=\"column-1\">41<\/td><td class=\"column-2\">Agencia de Inversiones,Construciones y Proyectos AICP<\/td>\n<\/tr>\n<tr class=\"row-43 odd\">\n\t<td class=\"column-1\">42<\/td><td class=\"column-2\">Empresa comercializadora de bienes de consumo<\/td>\n<\/tr>\n<tr class=\"row-44 even\">\n\t<td class=\"column-1\">43<\/td><td class=\"column-2\">CTB Service<\/td>\n<\/tr>\n<tr class=\"row-45 odd\">\n\t<td class=\"column-1\">44<\/td><td class=\"column-2\">CUBIZA<\/td>\n<\/tr>\n<tr class=\"row-46 even\">\n\t<td class=\"column-1\">45<\/td><td class=\"column-2\">Ferreter\u00edas Universales S.A.<\/td>\n<\/tr>\n<tr class=\"row-47 odd\">\n\t<td class=\"column-1\">46<\/td><td class=\"column-2\">CIMEX- Mariel S.A.<\/td>\n<\/tr>\n<tr class=\"row-48 even\">\n\t<td class=\"column-1\">47<\/td><td class=\"column-2\">Empresa Filial Conformadora de Guanajay<\/td>\n<\/tr>\n<tr class=\"row-49 odd\">\n\t<td class=\"column-1\">48<\/td><td class=\"column-2\">PSM UNJC PROVINCIA ARTEMISA CC<\/td>\n<\/tr>\n<tr class=\"row-50 even\">\n\t<td class=\"column-1\">49<\/td><td class=\"column-2\">Producciones Trimagen S.A.<\/td>\n<\/tr>\n<tr class=\"row-51 odd\">\n\t<td class=\"column-1\">50<\/td><td class=\"column-2\">CTC Divisi\u00f3n Log\u00edstica <\/td>\n<\/tr>\n<tr class=\"row-52 even\">\n\t<td class=\"column-1\">51<\/td><td class=\"column-2\">Empresa de Proyectos de Arquitectura e Ingenier\u00eda del Mariel <\/td>\n<\/tr>\n<tr class=\"row-53 odd\">\n\t<td class=\"column-1\">52<\/td><td class=\"column-2\">La Empresa Taxis cuba<\/td>\n<\/tr>\n<tr class=\"row-54 even\">\n\t<td class=\"column-1\">53<\/td><td class=\"column-2\">Filial Asociaci\u00f3n Hermanos Sa\u00eds (provincia Artemisa)<\/td>\n<\/tr>\n<tr class=\"row-55 odd\">\n\t<td class=\"column-1\">54<\/td><td class=\"column-2\">Administraci\u00f3n Mar\u00edtima Territorio Mariel<\/td>\n<\/tr>\n<tr class=\"row-56 even\">\n\t<td class=\"column-1\">55<\/td><td class=\"column-2\">La Empresa Canteras UEB Canteras Mariel <\/td>\n<\/tr>\n<tr class=\"row-57 odd\">\n\t<td class=\"column-1\">56<\/td><td class=\"column-2\">\u00a0La Empresa Militar Industrial ASTIMAR<\/td>\n<\/tr>\n<tr class=\"row-58 even\">\n\t<td class=\"column-1\">57<\/td><td class=\"column-2\">Empresa de transporte agropecuario Pinar del Rio<\/td>\n<\/tr>\n<tr class=\"row-59 odd\">\n\t<td class=\"column-1\">58<\/td><td class=\"column-2\">Servicio Portuarios Mariel<\/td>\n<\/tr>\n<tr class=\"row-60 even\">\n\t<td class=\"column-1\">59<\/td><td class=\"column-2\">Terminal de Contenedores Mariel S.A.<\/td>\n<\/tr>\n<tr class=\"row-61 odd\">\n\t<td class=\"column-1\">60<\/td><td class=\"column-2\">Empresa de abastecimiento y distribuci\u00f3n de medios para la educaci\u00f3n.<\/td>\n<\/tr>\n<tr class=\"row-62 even\">\n\t<td class=\"column-1\">61<\/td><td class=\"column-2\">Empresa de abastecimiento y distribuci\u00f3n de medios para la educaci\u00f3n.<\/td>\n<\/tr>\n<tr class=\"row-63 odd\">\n\t<td class=\"column-1\">62<\/td><td class=\"column-2\">Empresa Termoel\u00e9ctrica Lidio Ram\u00f3n P\u00e9rez <\/td>\n<\/tr>\n<tr class=\"row-64 even\">\n\t<td class=\"column-1\">63<\/td><td class=\"column-2\">Resa Caribe S.A.<\/td>\n<\/tr>\n<tr class=\"row-65 odd\">\n\t<td class=\"column-1\">64<\/td><td class=\"column-2\">EES Empresa de Vidrios La Lisa<\/td>\n<\/tr>\n<tr class=\"row-66 even\">\n\t<td class=\"column-1\">65<\/td><td class=\"column-2\">Empresa de Construcci\u00f3n y Montaje<\/td>\n<\/tr>\n<tr class=\"row-67 odd\">\n\t<td class=\"column-1\">66<\/td><td class=\"column-2\">Empresa de Canteras <\/td>\n<\/tr>\n<tr class=\"row-68 even\">\n\t<td class=\"column-1\">67<\/td><td class=\"column-2\">Industria Cubana del Mueble DUJO<\/td>\n<\/tr>\n<tr class=\"row-69 odd\">\n\t<td class=\"column-1\">68<\/td><td class=\"column-2\">MARALAICO S.A.<\/td>\n<\/tr>\n<tr class=\"row-70 even\">\n\t<td class=\"column-1\">69<\/td><td class=\"column-2\">Empresa Producciones Met\u00e1licas de la Habana<\/td>\n<\/tr>\n<tr class=\"row-71 odd\">\n\t<td class=\"column-1\">70<\/td><td class=\"column-2\">Sociedad Mercantil cubana Servicios Portuarios Mariel S.A. <\/td>\n<\/tr>\n<tr class=\"row-72 even\">\n\t<td class=\"column-1\">71<\/td><td class=\"column-2\">Complejo Las Terrazas<\/td>\n<\/tr>\n<tr class=\"row-73 odd\">\n\t<td class=\"column-1\">72<\/td><td class=\"column-2\">UACC- UAC- UEB Guajayb\u00f3n<\/td>\n<\/tr>\n<tr class=\"row-74 even\">\n\t<td class=\"column-1\">73<\/td><td class=\"column-2\">Empresa de Aseguramiento y Log\u00edstica Hidr\u00e1ulica<\/td>\n<\/tr>\n<tr class=\"row-75 odd\">\n\t<td class=\"column-1\">74<\/td><td class=\"column-2\">Cadena de Tiendas Caribe <\/td>\n<\/tr>\n<tr class=\"row-76 even\">\n\t<td class=\"column-1\">75<\/td><td class=\"column-2\">Cadena de Tiendas Caribe<\/td>\n<\/tr>\n<tr class=\"row-77 odd\">\n\t<td class=\"column-1\">76<\/td><td class=\"column-2\">Galerita de Arte G\u00e9nesis<\/td>\n<\/tr>\n<tr class=\"row-78 even\">\n\t<td class=\"column-1\">77<\/td><td class=\"column-2\">Sociedad Mercantil Cubana Servicios Portuarios Mariel\u00a0 S.A<\/td>\n<\/tr>\n<tr class=\"row-79 odd\">\n\t<td class=\"column-1\">78<\/td><td class=\"column-2\">Empresa Transporte Tur\u00edstico Transtur S.A<\/td>\n<\/tr>\n<tr class=\"row-80 even\">\n\t<td class=\"column-1\">79<\/td><td class=\"column-2\">Empresa Provincial de \u00c1reas P\u00fablicas Mariel<\/td>\n<\/tr>\n<tr class=\"row-81 odd\">\n\t<td class=\"column-1\">80<\/td><td class=\"column-2\">Empresa Mixta CORALAC S.A.<\/td>\n<\/tr>\n<\/tbody>\n<\/table>\n<!-- #tablepress-2-no-3 from cache --><\/p>\t\t\t\t\t\t\t\t<\/div>\n\t\t\t\t<\/div>\n\t\t\t\t\t<\/div>\n\t\t<\/div>\n\t\t\t\t\t<\/div>\n\t\t<\/section>\n\t\t\t\t<\/div>\n\t\t","protected":false},"excerpt":{"rendered":"<p>La empresa cubana Servicios Log\u00edsticos Mariel S.A. (SLM), ha sido aprobada como usuario de la ZED Mariel para operaciones log\u00edsticas, que incluyen la operaci\u00f3n de la Plataforma Log\u00edstica No.1 con una capacidad de almacenaje de 10 mil m\u00b2 para cargas secas y 5 mil m\u00b3 para cargas refrigeradas. SLM desarrollar\u00e1 adem\u00e1s todo un conjunto de<\/p>\n","protected":false},"author":1,"featured_media":1360,"parent":0,"menu_order":0,"comment_status":"closed","ping_status":"closed","template":"","meta":{"footnotes":""},"class_list":["post-1415","page","type-page","status-publish","has-post-thumbnail","hentry"],"_links":{"self":[{"href":"https:\/\/vigintel.tu1trillon.com\/index.php?rest_route=\/wp\/v2\/pages\/1415","targetHints":{"allow":["GET"]}}],"collection":[{"href":"https:\/\/vigintel.tu1trillon.com\/index.php?rest_route=\/wp\/v2\/pages"}],"about":[{"href":"https:\/\/vigintel.tu1trillon.com\/index.php?rest_route=\/wp\/v2\/types\/page"}],"author":[{"embeddable":true,"href":"https:\/\/vigintel.tu1trillon.com\/index.php?rest_route=\/wp\/v2\/users\/1"}],"replies":[{"embeddable":true,"href":"https:\/\/vigintel.tu1trillon.com\/index.php?rest_route=%2Fwp%2Fv2%2Fcomments&post=1415"}],"version-history":[{"count":9,"href":"https:\/\/vigintel.tu1trillon.com\/index.php?rest_route=\/wp\/v2\/pages\/1415\/revisions"}],"predecessor-version":[{"id":1631,"href":"https:\/\/vigintel.tu1trillon.com\/index.php?rest_route=\/wp\/v2\/pages\/1415\/revisions\/1631"}],"wp:featuredmedia":[{"embeddable":true,"href":"https:\/\/vigintel.tu1trillon.com\/index.php?rest_route=\/wp\/v2\/media\/1360"}],"wp:attachment":[{"href":"https:\/\/vigintel.tu1trillon.com\/index.php?rest_route=%2Fwp%2Fv2%2Fmedia&parent=1415"}],"curies":[{"name":"wp","href":"https:\/\/api.w.org\/{rel}","templated":true}]}}