{"id":1244,"date":"2023-03-01T16:48:22","date_gmt":"2023-03-01T16:48:22","guid":{"rendered":"http:\/\/localhost\/sistema_vei_slm\/?page_id=1244"},"modified":"2025-10-16T20:30:08","modified_gmt":"2025-10-16T20:30:08","slug":"interrelacion-de-procesos-de-gestion","status":"publish","type":"page","link":"https:\/\/vigintel.tu1trillon.com\/?page_id=1244","title":{"rendered":"Interrelaci\u00f3n de procesos de gesti\u00f3n"},"content":{"rendered":"\t\t<div data-elementor-type=\"wp-page\" data-elementor-id=\"1244\" class=\"elementor elementor-1244\">\n\t\t\t\t\t\t<section class=\"elementor-section elementor-top-section elementor-element elementor-element-785dd4c elementor-section-boxed elementor-section-height-default elementor-section-height-default\" data-id=\"785dd4c\" data-element_type=\"section\">\n\t\t\t\t\t\t<div class=\"elementor-container elementor-column-gap-default\">\n\t\t\t\t\t<div class=\"elementor-column elementor-col-50 elementor-top-column elementor-element elementor-element-794fe73\" data-id=\"794fe73\" data-element_type=\"column\">\n\t\t\t<div class=\"elementor-widget-wrap elementor-element-populated\">\n\t\t\t\t\t\t<div class=\"elementor-element elementor-element-667fad6 elementor-widget elementor-widget-text-editor\" data-id=\"667fad6\" data-element_type=\"widget\" data-widget_type=\"text-editor.default\">\n\t\t\t\t<div class=\"elementor-widget-container\">\n\t\t\t\t\t\t\t\t\t<h4><img fetchpriority=\"high\" decoding=\"async\" class=\"alignleft wp-image-542\" src=\"http:\/\/localhost\/vigilanciaeah\/wp-content\/uploads\/2021\/04\/integrada-SGI.jpeg\" alt=\"\" width=\"300\" height=\"212\" \/><\/h4><h4>\u00a0<\/h4><h4>\u00a0<\/h4><h4><strong>Interrelaci\u00f3n entre las etapas del proceso de VeI, con otros sistemas de gesti\u00f3n, y las posibles \u00e1reas implicadas<\/strong><\/h4>\t\t\t\t\t\t\t\t<\/div>\n\t\t\t\t<\/div>\n\t\t\t\t\t<\/div>\n\t\t<\/div>\n\t\t\t\t<div class=\"elementor-column elementor-col-50 elementor-top-column elementor-element elementor-element-eb37f2c\" data-id=\"eb37f2c\" data-element_type=\"column\">\n\t\t\t<div class=\"elementor-widget-wrap elementor-element-populated\">\n\t\t\t\t\t\t<div class=\"elementor-element elementor-element-d2e9e24 elementor-widget elementor-widget-text-editor\" data-id=\"d2e9e24\" data-element_type=\"widget\" data-widget_type=\"text-editor.default\">\n\t\t\t\t<div class=\"elementor-widget-container\">\n\t\t\t\t\t\t\t\t\t<h2 style=\"text-align: center;\"><span style=\"color: #000000;\"><strong>Interrelaci\u00f3n entre las etapas del proceso de VeI, con otros sistemas de gesti\u00f3n, y las posibles \u00e1reas implicadas<\/strong><\/span><\/h2><h4>\u00a0<\/h4><h4>\u00a0<\/h4><h4><strong>Interrelaci\u00f3n entre las etapas del proceso de VeI, con otros sistemas de gesti\u00f3n, y las posibles \u00e1reas implicadas<\/strong><\/h4>\t\t\t\t\t\t\t\t<\/div>\n\t\t\t\t<\/div>\n\t\t\t\t\t<\/div>\n\t\t<\/div>\n\t\t\t\t\t<\/div>\n\t\t<\/section>\n\t\t\t\t<section class=\"elementor-section elementor-top-section elementor-element elementor-element-4066379 elementor-section-boxed elementor-section-height-default elementor-section-height-default\" data-id=\"4066379\" data-element_type=\"section\">\n\t\t\t\t\t\t<div class=\"elementor-container elementor-column-gap-default\">\n\t\t\t\t\t<div class=\"elementor-column elementor-col-100 elementor-top-column elementor-element elementor-element-51cb79b\" data-id=\"51cb79b\" data-element_type=\"column\">\n\t\t\t<div class=\"elementor-widget-wrap elementor-element-populated\">\n\t\t\t\t\t\t<div class=\"elementor-element elementor-element-3cbc429 elementor-widget elementor-widget-text-editor\" data-id=\"3cbc429\" data-element_type=\"widget\" data-widget_type=\"text-editor.default\">\n\t\t\t\t<div class=\"elementor-widget-container\">\n\t\t\t\t\t\t\t\t\t<h4 style=\"text-align: center;\">\u00a0<\/h4><table><tbody><tr><td width=\"188\"><h4><span style=\"color: #000000;\"><strong>Etapas del proceso de VeI <\/strong><\/span><\/h4><\/td><td width=\"188\"><h4><span style=\"color: #000000;\"><strong>Interrelaci\u00f3n con otros sistema de gesti\u00f3n <\/strong><\/span><\/h4><\/td><td width=\"188\"><h4><span style=\"color: #000000;\"><strong>Posibles \u00c1reas <\/strong><\/span><\/h4><\/td><\/tr><tr><td width=\"188\"><span style=\"color: #000000;\">Identificaci\u00f3n \u00a0de necesidades<\/span><\/td><td width=\"188\"><p><span style=\"color: #000000;\">Gesti\u00f3n de informaci\u00f3n<\/span><\/p><p><span style=\"color: #000000;\">Gesti\u00f3n estrat\u00e9gica<\/span><\/p><p><span style=\"color: #000000;\">Gesti\u00f3n de la innovaci\u00f3n<\/span><\/p><p><span style=\"color: #000000;\">Gesti\u00f3n comercial<\/span><\/p><p><span style=\"color: #000000;\">Gesti\u00f3n tecnol\u00f3gica<\/span><\/p><p><span style=\"color: #000000;\">Gesti\u00f3n de la calidad<\/span><\/p><\/td><td width=\"188\"><p><span style=\"color: #000000;\">Direcci\u00f3n<\/span><\/p><p><span style=\"color: #000000;\">Comercial<\/span><\/p><p><span style=\"color: #000000;\">Investigaci\u00f3n y desarrollo (I+D+i)<\/span><\/p><p><span style=\"color: #000000;\">Informaci\u00f3n.<\/span><\/p><p><span style=\"color: #000000;\">Calidad<\/span><\/p><p><span style=\"color: #000000;\">T\u00e9cnica<\/span><\/p><\/td><\/tr><tr><td width=\"188\"><span style=\"color: #000000;\">Planeaci\u00f3n<\/span><\/td><td width=\"188\"><p><span style=\"color: #000000;\">Gesti\u00f3n de capital humano<\/span><\/p><p><span style=\"color: #000000;\">Gesti\u00f3n de planificaci\u00f3n<\/span><\/p><p><span style=\"color: #000000;\">Gesti\u00f3n de costos<\/span><\/p><p><span style=\"color: #000000;\">Gesti\u00f3n de la calidad<\/span><\/p><\/td><td width=\"188\"><p><span style=\"color: #000000;\">Direcci\u00f3n<\/span><\/p><p><span style=\"color: #000000;\">Capital humano<\/span><\/p><p><span style=\"color: #000000;\">Informaci\u00f3n<\/span><\/p><p><span style=\"color: #000000;\">Calidad<\/span><\/p><p><span style=\"color: #000000;\">Econ\u00f3mica, etc.<\/span><\/p><\/td><\/tr><tr><td width=\"188\"><span style=\"color: #000000;\">B\u00fasqueda, procesamiento, an\u00e1lisis y puesta en valor de la informaci\u00f3n, que generan productos de VeI.<\/span><\/td><td width=\"188\"><p><span style=\"color: #000000;\">Gesti\u00f3n de informaci\u00f3n<\/span><\/p><p><span style=\"color: #000000;\">Gesti\u00f3n del conocimiento Gesti\u00f3n de capital humano<\/span><\/p><p><span style=\"color: #000000;\">Gesti\u00f3n comercial<\/span><\/p><p><span style=\"color: #000000;\">Gesti\u00f3n de la innovaci\u00f3n<\/span><\/p><p><span style=\"color: #000000;\">Gesti\u00f3n de la calidad.<\/span><\/p><\/td><td width=\"188\"><p><span style=\"color: #000000;\">Direcci\u00f3n<\/span><\/p><p><span style=\"color: #000000;\">Informaci\u00f3n<\/span><\/p><p><span style=\"color: #000000;\">Capital humano<\/span><\/p><p><span style=\"color: #000000;\">I+D+i<\/span><\/p><p><span style=\"color: #000000;\">Calidad<\/span><\/p><p><span style=\"color: #000000;\">T\u00e9cnica<\/span><\/p><p><span style=\"color: #000000;\">Comercial, etc.<\/span><\/p><\/td><\/tr><tr><td width=\"188\"><span style=\"color: #000000;\">Distribuci\u00f3n de la informaci\u00f3n<\/span><\/td><td width=\"188\"><p><span style=\"color: #000000;\">Gesti\u00f3n de informaci\u00f3n<\/span><\/p><p><span style=\"color: #000000;\">Gesti\u00f3n de la comunicaci\u00f3n<\/span><\/p><p><span style=\"color: #000000;\">Gesti\u00f3n de la calidad<\/span><\/p><\/td><td width=\"188\"><p><span style=\"color: #000000;\">Direcci\u00f3n<\/span><\/p><p><span style=\"color: #000000;\">Calidad<\/span><\/p><p><span style=\"color: #000000;\">Informaci\u00f3n, etc.<\/span><\/p><\/td><\/tr><tr><td width=\"188\"><span style=\"color: #000000;\">Toma de Decisiones (Aplicaci\u00f3n )<\/span><\/td><td width=\"188\"><p><span style=\"color: #000000;\">Gesti\u00f3n estrat\u00e9gica<\/span><\/p><p><span style=\"color: #000000;\">Gesti\u00f3n de la innovaci\u00f3n<\/span><\/p><p><span style=\"color: #000000;\">Gesti\u00f3n comercial<\/span><\/p><p><span style=\"color: #000000;\">Gesti\u00f3n tecnol\u00f3gica<\/span><\/p><p><span style=\"color: #000000;\">Gesti\u00f3n de la calidad<\/span><\/p><\/td><td width=\"188\"><p><span style=\"color: #000000;\">Direcci\u00f3n<\/span><\/p><p><span style=\"color: #000000;\">Comercial<\/span><\/p><p><span style=\"color: #000000;\">Tecnolog\u00eda<\/span><\/p><p><span style=\"color: #000000;\">I+D+i<\/span><\/p><p><span style=\"color: #000000;\">T\u00e9cnica<\/span><\/p><p><span style=\"color: #000000;\">Calidad, etc.<\/span><\/p><\/td><\/tr><tr><td width=\"188\"><span style=\"color: #000000;\">Medici\u00f3n an\u00e1lisis y mejora<\/span><\/td><td width=\"188\"><span style=\"color: #000000;\">Gesti\u00f3n de la calidad<\/span><\/td><td width=\"188\"><p><span style=\"color: #000000;\">Direcci\u00f3n<\/span><\/p><p><span style=\"color: #000000;\">Calidad<\/span><\/p><\/td><\/tr><\/tbody><\/table>\t\t\t\t\t\t\t\t<\/div>\n\t\t\t\t<\/div>\n\t\t\t\t\t<\/div>\n\t\t<\/div>\n\t\t\t\t\t<\/div>\n\t\t<\/section>\n\t\t\t\t<section class=\"elementor-section elementor-top-section elementor-element elementor-element-cd5082a elementor-section-boxed elementor-section-height-default elementor-section-height-default\" data-id=\"cd5082a\" data-element_type=\"section\">\n\t\t\t\t\t\t<div class=\"elementor-container elementor-column-gap-default\">\n\t\t\t\t\t<div class=\"elementor-column elementor-col-100 elementor-top-column elementor-element elementor-element-f1ff220\" data-id=\"f1ff220\" data-element_type=\"column\">\n\t\t\t<div class=\"elementor-widget-wrap\">\n\t\t\t\t\t\t\t<\/div>\n\t\t<\/div>\n\t\t\t\t\t<\/div>\n\t\t<\/section>\n\t\t\t\t<section class=\"elementor-section elementor-top-section elementor-element elementor-element-f2980a5 elementor-section-boxed elementor-section-height-default elementor-section-height-default\" data-id=\"f2980a5\" data-element_type=\"section\">\n\t\t\t\t\t\t<div class=\"elementor-container elementor-column-gap-default\">\n\t\t\t\t\t<div class=\"elementor-column elementor-col-100 elementor-top-column elementor-element elementor-element-45e27e0\" data-id=\"45e27e0\" data-element_type=\"column\">\n\t\t\t<div class=\"elementor-widget-wrap elementor-element-populated\">\n\t\t\t\t\t\t<div class=\"elementor-element elementor-element-ea66762 elementor-widget elementor-widget-spacer\" data-id=\"ea66762\" data-element_type=\"widget\" data-widget_type=\"spacer.default\">\n\t\t\t\t<div class=\"elementor-widget-container\">\n\t\t\t\t\t\t\t<div class=\"elementor-spacer\">\n\t\t\t<div class=\"elementor-spacer-inner\"><\/div>\n\t\t<\/div>\n\t\t\t\t\t\t<\/div>\n\t\t\t\t<\/div>\n\t\t\t\t\t<\/div>\n\t\t<\/div>\n\t\t\t\t\t<\/div>\n\t\t<\/section>\n\t\t\t\t<\/div>\n\t\t","protected":false},"excerpt":{"rendered":"<p>\u00a0 \u00a0 Interrelaci\u00f3n entre las etapas del proceso de VeI, con otros sistemas de gesti\u00f3n, y las posibles \u00e1reas implicadas Interrelaci\u00f3n entre las etapas del proceso de VeI, con otros sistemas de gesti\u00f3n, y las posibles \u00e1reas implicadas \u00a0 \u00a0 Interrelaci\u00f3n entre las etapas del proceso de VeI, con otros sistemas de gesti\u00f3n, y las<\/p>\n","protected":false},"author":1,"featured_media":0,"parent":0,"menu_order":0,"comment_status":"closed","ping_status":"closed","template":"fullwidth.php","meta":{"footnotes":""},"class_list":["post-1244","page","type-page","status-publish","hentry"],"_links":{"self":[{"href":"https:\/\/vigintel.tu1trillon.com\/index.php?rest_route=\/wp\/v2\/pages\/1244","targetHints":{"allow":["GET"]}}],"collection":[{"href":"https:\/\/vigintel.tu1trillon.com\/index.php?rest_route=\/wp\/v2\/pages"}],"about":[{"href":"https:\/\/vigintel.tu1trillon.com\/index.php?rest_route=\/wp\/v2\/types\/page"}],"author":[{"embeddable":true,"href":"https:\/\/vigintel.tu1trillon.com\/index.php?rest_route=\/wp\/v2\/users\/1"}],"replies":[{"embeddable":true,"href":"https:\/\/vigintel.tu1trillon.com\/index.php?rest_route=%2Fwp%2Fv2%2Fcomments&post=1244"}],"version-history":[{"count":25,"href":"https:\/\/vigintel.tu1trillon.com\/index.php?rest_route=\/wp\/v2\/pages\/1244\/revisions"}],"predecessor-version":[{"id":1597,"href":"https:\/\/vigintel.tu1trillon.com\/index.php?rest_route=\/wp\/v2\/pages\/1244\/revisions\/1597"}],"wp:attachment":[{"href":"https:\/\/vigintel.tu1trillon.com\/index.php?rest_route=%2Fwp%2Fv2%2Fmedia&parent=1244"}],"curies":[{"name":"wp","href":"https:\/\/api.w.org\/{rel}","templated":true}]}}