{"id":1203,"date":"2021-04-05T18:53:11","date_gmt":"2021-04-05T18:53:11","guid":{"rendered":"http:\/\/localhost\/vigilanciaeah\/?page_id=35"},"modified":"2021-04-05T18:53:11","modified_gmt":"2021-04-05T18:53:11","slug":"productos-de-inteligencia","status":"publish","type":"page","link":"https:\/\/vigintel.tu1trillon.com\/?page_id=1203","title":{"rendered":"Productos de Vigilancia e Inteligencia"},"content":{"rendered":"\t\t<div data-elementor-type=\"wp-page\" data-elementor-id=\"1203\" class=\"elementor elementor-1203\">\n\t\t\t\t\t\t<section class=\"elementor-section elementor-top-section elementor-element elementor-element-84477c3 elementor-section-boxed elementor-section-height-default elementor-section-height-default\" data-id=\"84477c3\" data-element_type=\"section\">\n\t\t\t\t\t\t<div class=\"elementor-container elementor-column-gap-default\">\n\t\t\t\t\t<div class=\"elementor-column elementor-col-100 elementor-top-column elementor-element elementor-element-f440565\" data-id=\"f440565\" data-element_type=\"column\">\n\t\t\t<div class=\"elementor-widget-wrap elementor-element-populated\">\n\t\t\t\t\t\t<div class=\"elementor-element elementor-element-4ec345c elementor-widget elementor-widget-text-editor\" data-id=\"4ec345c\" data-element_type=\"widget\" data-widget_type=\"text-editor.default\">\n\t\t\t\t<div class=\"elementor-widget-container\">\n\t\t\t\t\t\t\t\t\t<h2 style=\"text-align: justify;\"><span style=\"color: #000000;\">Los productos de informaci\u00f3n a partir de servicios de Vigilancia e Inteligencia tiene como finalidad la toma de decisiones. Son productos de nivel de an\u00e1lisis bajo, medio o alto. <br \/><\/span><\/h2>\t\t\t\t\t\t\t\t<\/div>\n\t\t\t\t<\/div>\n\t\t\t\t\t<\/div>\n\t\t<\/div>\n\t\t\t\t\t<\/div>\n\t\t<\/section>\n\t\t\t\t<section class=\"elementor-section elementor-top-section elementor-element elementor-element-90e1e8a elementor-section-boxed elementor-section-height-default elementor-section-height-default\" data-id=\"90e1e8a\" data-element_type=\"section\">\n\t\t\t\t\t\t<div class=\"elementor-container elementor-column-gap-default\">\n\t\t\t\t\t<div class=\"elementor-column elementor-col-100 elementor-top-column elementor-element elementor-element-1294c41\" data-id=\"1294c41\" data-element_type=\"column\">\n\t\t\t<div class=\"elementor-widget-wrap elementor-element-populated\">\n\t\t\t\t\t\t<div class=\"elementor-element elementor-element-fd8c815 elementor-widget elementor-widget-text-editor\" data-id=\"fd8c815\" data-element_type=\"widget\" data-widget_type=\"text-editor.default\">\n\t\t\t\t<div class=\"elementor-widget-container\">\n\t\t\t\t\t\t\t\t\t<h2 style=\"text-align: center;\"><span style=\"color: #000080;\">Tipos de <\/span><span style=\"color: #000080;\">Productos y servicios :<\/span><\/h2>\t\t\t\t\t\t\t\t<\/div>\n\t\t\t\t<\/div>\n\t\t\t\t<div class=\"elementor-element elementor-element-4949851 elementor-widget elementor-widget-image\" data-id=\"4949851\" data-element_type=\"widget\" data-widget_type=\"image.default\">\n\t\t\t\t<div class=\"elementor-widget-container\">\n\t\t\t\t\t\t\t\t\t\t\t\t\t\t\t<img fetchpriority=\"high\" decoding=\"async\" width=\"320\" height=\"240\" src=\"https:\/\/vigintel.tu1trillon.com\/wp-content\/uploads\/2021\/04\/IE.jpg\" class=\"attachment-large size-large wp-image-1165\" alt=\"\" srcset=\"https:\/\/vigintel.tu1trillon.com\/wp-content\/uploads\/2021\/04\/IE.jpg 320w, https:\/\/vigintel.tu1trillon.com\/wp-content\/uploads\/2021\/04\/IE-300x225.jpg 300w\" sizes=\"(max-width: 320px) 100vw, 320px\" \/>\t\t\t\t\t\t\t\t\t\t\t\t\t\t\t<\/div>\n\t\t\t\t<\/div>\n\t\t\t\t\t<\/div>\n\t\t<\/div>\n\t\t\t\t\t<\/div>\n\t\t<\/section>\n\t\t\t\t<section class=\"elementor-section elementor-top-section elementor-element elementor-element-250eac8 elementor-section-boxed elementor-section-height-default elementor-section-height-default\" data-id=\"250eac8\" data-element_type=\"section\">\n\t\t\t\t\t\t<div class=\"elementor-container elementor-column-gap-default\">\n\t\t\t\t\t<div class=\"elementor-column elementor-col-100 elementor-top-column elementor-element elementor-element-e809570\" data-id=\"e809570\" data-element_type=\"column\">\n\t\t\t<div class=\"elementor-widget-wrap\">\n\t\t\t\t\t\t\t<\/div>\n\t\t<\/div>\n\t\t\t\t\t<\/div>\n\t\t<\/section>\n\t\t\t\t<section class=\"elementor-section elementor-top-section elementor-element elementor-element-7c926ab elementor-section-boxed elementor-section-height-default elementor-section-height-default\" data-id=\"7c926ab\" data-element_type=\"section\">\n\t\t\t\t\t\t<div class=\"elementor-container elementor-column-gap-default\">\n\t\t\t\t\t<div class=\"elementor-column elementor-col-100 elementor-top-column elementor-element elementor-element-b8de9fc\" data-id=\"b8de9fc\" data-element_type=\"column\">\n\t\t\t<div class=\"elementor-widget-wrap elementor-element-populated\">\n\t\t\t\t\t\t<div class=\"elementor-element elementor-element-dc5deeb elementor-widget elementor-widget-text-editor\" data-id=\"dc5deeb\" data-element_type=\"widget\" data-widget_type=\"text-editor.default\">\n\t\t\t\t<div class=\"elementor-widget-container\">\n\t\t\t\t\t\t\t\t\t<h3><span style=\"color: #000080;\"><strong>1. Productos que incluyen un nivel bajo de an\u00e1lisis:<\/strong><\/span><\/h3><ul><li>B\u00fasquedas y compendios informativos.<\/li><li>Monitoreos de informaci\u00f3n: boletines electr\u00f3nicos.<\/li><\/ul><h4><span style=\"color: #000000;\">por ejemplo:<\/span><\/h4><ul><li><span style=\"color: #000000;\"> Listados de noticias validadas, etiquetadas, clasificadas o comentadas, normalmente se difunden en formato RSS o mediante alertas personalizadas, <\/span><\/li><li><span style=\"color: #000000;\">Boletines tem\u00e1ticos o sectoriales, etc., ya sean puntuales o peri\u00f3dicos.<\/span><\/li><\/ul>\t\t\t\t\t\t\t\t<\/div>\n\t\t\t\t<\/div>\n\t\t\t\t\t<\/div>\n\t\t<\/div>\n\t\t\t\t\t<\/div>\n\t\t<\/section>\n\t\t\t\t<section class=\"elementor-section elementor-top-section elementor-element elementor-element-db930fe elementor-section-boxed elementor-section-height-default elementor-section-height-default\" data-id=\"db930fe\" data-element_type=\"section\">\n\t\t\t\t\t\t<div class=\"elementor-container elementor-column-gap-default\">\n\t\t\t\t\t<div class=\"elementor-column elementor-col-100 elementor-top-column elementor-element elementor-element-1f275f4\" data-id=\"1f275f4\" data-element_type=\"column\">\n\t\t\t<div class=\"elementor-widget-wrap elementor-element-populated\">\n\t\t\t\t\t\t<div class=\"elementor-element elementor-element-48b8e4d elementor-widget elementor-widget-text-editor\" data-id=\"48b8e4d\" data-element_type=\"widget\" data-widget_type=\"text-editor.default\">\n\t\t\t\t<div class=\"elementor-widget-container\">\n\t\t\t\t\t\t\t\t\t<h3><span style=\"color: #000080;\"><strong>2. Productos que incluyen un nivel medio de an\u00e1lisis:<\/strong><\/span><\/h3><ul><li><span style=\"color: #000000;\">Estudios de tendencias: cient\u00edfico-t\u00e9cnicos,\u00a0 tecnol\u00f3gicos, comerciales.<\/span><\/li><\/ul><h4><span style=\"color: #000000;\">por ejemplo:<\/span><\/h4><ul><li><span style=\"color: #000000;\">Informes, estados del arte o de la t\u00e9cnica, estudios bibliogr\u00e1ficos, estudios de patentabilidad, etc.<\/span><\/li><\/ul>\t\t\t\t\t\t\t\t<\/div>\n\t\t\t\t<\/div>\n\t\t\t\t\t<\/div>\n\t\t<\/div>\n\t\t\t\t\t<\/div>\n\t\t<\/section>\n\t\t\t\t<section class=\"elementor-section elementor-top-section elementor-element elementor-element-882d29b elementor-section-boxed elementor-section-height-default elementor-section-height-default\" data-id=\"882d29b\" data-element_type=\"section\">\n\t\t\t\t\t\t<div class=\"elementor-container elementor-column-gap-default\">\n\t\t\t\t\t<div class=\"elementor-column elementor-col-100 elementor-top-column elementor-element elementor-element-5c2d0e6\" data-id=\"5c2d0e6\" data-element_type=\"column\">\n\t\t\t<div class=\"elementor-widget-wrap elementor-element-populated\">\n\t\t\t\t\t\t<div class=\"elementor-element elementor-element-ee0152c elementor-widget elementor-widget-text-editor\" data-id=\"ee0152c\" data-element_type=\"widget\" data-widget_type=\"text-editor.default\">\n\t\t\t\t<div class=\"elementor-widget-container\">\n\t\t\t\t\t\t\t\t\t<ul><li><h3><span style=\"color: #000080;\"><strong>3. <\/strong><\/span><span style=\"color: #000080;\"><strong>Productos que incluyen un nivel profundo de an\u00e1lisis<\/strong>:<\/span><\/h3><\/li><\/ul><h4><span style=\"color: #000000;\">por ejemplo:<\/span><\/h4>\t\t\t\t\t\t\t\t<\/div>\n\t\t\t\t<\/div>\n\t\t\t\t\t<\/div>\n\t\t<\/div>\n\t\t\t\t\t<\/div>\n\t\t<\/section>\n\t\t\t\t<section class=\"elementor-section elementor-top-section elementor-element elementor-element-a712597 elementor-section-boxed elementor-section-height-default elementor-section-height-default\" data-id=\"a712597\" data-element_type=\"section\">\n\t\t\t\t\t\t<div class=\"elementor-container elementor-column-gap-default\">\n\t\t\t\t\t<div class=\"elementor-column elementor-col-100 elementor-top-column elementor-element elementor-element-730fe70\" data-id=\"730fe70\" data-element_type=\"column\">\n\t\t\t<div class=\"elementor-widget-wrap elementor-element-populated\">\n\t\t\t\t\t\t<div class=\"elementor-element elementor-element-449f24e elementor-tabs-view-horizontal elementor-widget elementor-widget-tabs\" data-id=\"449f24e\" data-element_type=\"widget\" data-widget_type=\"tabs.default\">\n\t\t\t\t<div class=\"elementor-widget-container\">\n\t\t\t\t\t\t\t<div class=\"elementor-tabs\">\n\t\t\t<div class=\"elementor-tabs-wrapper\" role=\"tablist\" >\n\t\t\t\t\t\t\t\t\t<div id=\"elementor-tab-title-7191\" class=\"elementor-tab-title elementor-tab-desktop-title\" aria-selected=\"true\" data-tab=\"1\" role=\"tab\" tabindex=\"0\" aria-controls=\"elementor-tab-content-7191\" aria-expanded=\"false\">PERFILES ESTRAT\u00c9GICOS<\/div>\n\t\t\t\t\t\t\t\t\t<div id=\"elementor-tab-title-7192\" class=\"elementor-tab-title elementor-tab-desktop-title\" aria-selected=\"false\" data-tab=\"2\" role=\"tab\" tabindex=\"-1\" aria-controls=\"elementor-tab-content-7192\" aria-expanded=\"false\">ESTUDIOS DE TENDENCIAS<\/div>\n\t\t\t\t\t\t\t\t\t<div id=\"elementor-tab-title-7193\" class=\"elementor-tab-title elementor-tab-desktop-title\" aria-selected=\"false\" data-tab=\"3\" role=\"tab\" tabindex=\"-1\" aria-controls=\"elementor-tab-content-7193\" aria-expanded=\"false\">ESTUDIOS DE MERCADO<\/div>\n\t\t\t\t\t\t\t\t\t<div id=\"elementor-tab-title-7194\" class=\"elementor-tab-title elementor-tab-desktop-title\" aria-selected=\"false\" data-tab=\"4\" role=\"tab\" tabindex=\"-1\" aria-controls=\"elementor-tab-content-7194\" aria-expanded=\"false\">ESTUDIOS ESTRAT\u00c9GICOS<\/div>\n\t\t\t\t\t\t\t<\/div>\n\t\t\t<div class=\"elementor-tabs-content-wrapper\" role=\"tablist\" aria-orientation=\"vertical\">\n\t\t\t\t\t\t\t\t\t<div class=\"elementor-tab-title elementor-tab-mobile-title\" aria-selected=\"true\" data-tab=\"1\" role=\"tab\" tabindex=\"0\" aria-controls=\"elementor-tab-content-7191\" aria-expanded=\"false\">PERFILES ESTRAT\u00c9GICOS<\/div>\n\t\t\t\t\t<div id=\"elementor-tab-content-7191\" class=\"elementor-tab-content elementor-clearfix\" data-tab=\"1\" role=\"tabpanel\" aria-labelledby=\"elementor-tab-title-7191\" tabindex=\"0\" hidden=\"false\"><h4><span style=\"color: #000000;\">Son estudios <b><i>anal\u00edtico-descriptivos<\/i><\/b> de entes\u00a0 (pa\u00eds, sector, compa\u00f1\u00eda o persona) de inter\u00e9s\u00a0 para un cliente, a partir de la captaci\u00f3n, procesamiento y an\u00e1lisis de informaci\u00f3n\u00a0 actualizada y debidamente validada, de utilidad para la toma de decisiones.\u00a0\u00a0\u00a0<\/span><\/h4><ul><li><h4 style=\"text-align: left;\"><span style=\"color: #000000;\">Pa\u00eds<\/span><\/h4><\/li><li style=\"text-align: left;\"><h4><span style=\"color: #000000;\">Sector<\/span><\/h4><\/li><li style=\"text-align: left;\"><h4><span style=\"color: #000000;\">Corporativos<\/span><\/h4><\/li><li><h4 style=\"text-align: left;\"><span style=\"color: #000000;\">Personalidad<\/span><\/h4><\/li><\/ul><\/div>\n\t\t\t\t\t\t\t\t\t<div class=\"elementor-tab-title elementor-tab-mobile-title\" aria-selected=\"false\" data-tab=\"2\" role=\"tab\" tabindex=\"-1\" aria-controls=\"elementor-tab-content-7192\" aria-expanded=\"false\">ESTUDIOS DE TENDENCIAS<\/div>\n\t\t\t\t\t<div id=\"elementor-tab-content-7192\" class=\"elementor-tab-content elementor-clearfix\" data-tab=\"2\" role=\"tabpanel\" aria-labelledby=\"elementor-tab-title-7192\" tabindex=\"0\" hidden=\"hidden\"><h4><strong><span style=\"color: #000000;\">Permiten conocer el futuro tendencial, a corto y mediano plazo, de un fen\u00f3meno o grupo de variables, a partir del an\u00e1lisis de la informaci\u00f3n p\u00fablica disponible, en un per\u00edodo de tiempo que generalmente abarca de 5 a 10 a\u00f1os. Estos estudios se focalizan en la determinaci\u00f3n del estado actual y de las tendencias de los productos, servicios o sectores.<\/span><\/strong><\/h4><\/div>\n\t\t\t\t\t\t\t\t\t<div class=\"elementor-tab-title elementor-tab-mobile-title\" aria-selected=\"false\" data-tab=\"3\" role=\"tab\" tabindex=\"-1\" aria-controls=\"elementor-tab-content-7193\" aria-expanded=\"false\">ESTUDIOS DE MERCADO<\/div>\n\t\t\t\t\t<div id=\"elementor-tab-content-7193\" class=\"elementor-tab-content elementor-clearfix\" data-tab=\"3\" role=\"tabpanel\" aria-labelledby=\"elementor-tab-title-7193\" tabindex=\"0\" hidden=\"hidden\"><h4 style=\"text-align: justify;\"><span style=\"color: #000000;\">Instrumento de acopio de informaci\u00f3n oportuna, analizada y resumida, que aporta a las organizaciones, los conocimientos necesarios para realizar grandes acciones con bajas probabilidades de cometer errores.<\/span><\/h4>\n<ul>\n \t<li>\n<h4><span style=\"color: #000000;\"><b>Identificar oportunidades en el mercado.<\/b><\/span><\/h4>\n<\/li>\n \t<li>\n<h4><span style=\"color: #000000;\"><b> Evaluar la satisfacci\u00f3n de los consumidores.<\/b><\/span><\/h4>\n<\/li>\n \t<li>\n<h4><span style=\"color: #000000;\"><b> Identificar y seleccionar los canales de distribuci\u00f3n.<\/b><\/span><\/h4>\n<\/li>\n \t<li>\n<h4><span style=\"color: #000000;\"><b> Detectar segmentos de mercado m\u00e1s atractivos.<\/b><\/span><\/h4>\n<\/li>\n \t<li>\n<h4><span style=\"color: #000000;\"><b> Minimizar riesgos.<\/b><\/span><\/h4>\n<\/li>\n \t<li>\n<h4><span style=\"color: #000000;\"><b> Identificar futuros problemas.<\/b><\/span><\/h4>\n<\/li>\n<\/ul>\n&nbsp;<\/div>\n\t\t\t\t\t\t\t\t\t<div class=\"elementor-tab-title elementor-tab-mobile-title\" aria-selected=\"false\" data-tab=\"4\" role=\"tab\" tabindex=\"-1\" aria-controls=\"elementor-tab-content-7194\" aria-expanded=\"false\">ESTUDIOS ESTRAT\u00c9GICOS<\/div>\n\t\t\t\t\t<div id=\"elementor-tab-content-7194\" class=\"elementor-tab-content elementor-clearfix\" data-tab=\"4\" role=\"tabpanel\" aria-labelledby=\"elementor-tab-title-7194\" tabindex=\"0\" hidden=\"hidden\"><h4 style=\"text-align: justify;\"><span style=\"color: #000000;\">Herramienta\u00a0 de diagn\u00f3stico, an\u00e1lisis, reflexi\u00f3n, en torno al quehacer actual y del camino que deben recorrer las organizaciones, sobre la base del <b>an\u00e1lisis de la informaci\u00f3n proveniente del macro y <\/b><b>microentorno<\/b><b>, as\u00ed como de la informaci\u00f3n interna de la empresa.<\/b> Es un proceso sistem\u00e1tico que da sentido de direcci\u00f3n a las actividades diarias, permiti\u00e9ndole visualizar el futuro e identificar los recursos requeridos para el per\u00edodo de tiempo proyectado.\u00a0<\/span><\/h4><\/div>\n\t\t\t\t\t\t\t<\/div>\n\t\t<\/div>\n\t\t\t\t\t\t<\/div>\n\t\t\t\t<\/div>\n\t\t\t\t\t<\/div>\n\t\t<\/div>\n\t\t\t\t\t<\/div>\n\t\t<\/section>\n\t\t\t\t<\/div>\n\t\t","protected":false},"excerpt":{"rendered":"<p>Los productos de informaci\u00f3n a partir de servicios de Vigilancia e Inteligencia tiene como finalidad la toma de decisiones. Son productos de nivel de an\u00e1lisis bajo, medio o alto. Tipos de Productos y servicios : 1. Productos que incluyen un nivel bajo de an\u00e1lisis: B\u00fasquedas y compendios informativos. Monitoreos de informaci\u00f3n: boletines electr\u00f3nicos. por ejemplo:<\/p>\n","protected":false},"author":1,"featured_media":0,"parent":0,"menu_order":0,"comment_status":"closed","ping_status":"closed","template":"","meta":{"footnotes":""},"class_list":["post-1203","page","type-page","status-publish","hentry"],"_links":{"self":[{"href":"https:\/\/vigintel.tu1trillon.com\/index.php?rest_route=\/wp\/v2\/pages\/1203","targetHints":{"allow":["GET"]}}],"collection":[{"href":"https:\/\/vigintel.tu1trillon.com\/index.php?rest_route=\/wp\/v2\/pages"}],"about":[{"href":"https:\/\/vigintel.tu1trillon.com\/index.php?rest_route=\/wp\/v2\/types\/page"}],"author":[{"embeddable":true,"href":"https:\/\/vigintel.tu1trillon.com\/index.php?rest_route=\/wp\/v2\/users\/1"}],"replies":[{"embeddable":true,"href":"https:\/\/vigintel.tu1trillon.com\/index.php?rest_route=%2Fwp%2Fv2%2Fcomments&post=1203"}],"version-history":[{"count":0,"href":"https:\/\/vigintel.tu1trillon.com\/index.php?rest_route=\/wp\/v2\/pages\/1203\/revisions"}],"wp:attachment":[{"href":"https:\/\/vigintel.tu1trillon.com\/index.php?rest_route=%2Fwp%2Fv2%2Fmedia&parent=1203"}],"curies":[{"name":"wp","href":"https:\/\/api.w.org\/{rel}","templated":true}]}}