{"id":1049,"date":"2021-04-17T13:54:31","date_gmt":"2021-04-17T13:54:31","guid":{"rendered":"http:\/\/localhost\/vigilanciaeah\/?page_id=1049"},"modified":"2025-10-17T16:46:38","modified_gmt":"2025-10-17T16:46:38","slug":"repositorio-de-productos-de-vei","status":"publish","type":"page","link":"https:\/\/vigintel.tu1trillon.com\/?page_id=1049","title":{"rendered":"Repositorio de productos de VeI"},"content":{"rendered":"\t\t<div data-elementor-type=\"wp-page\" data-elementor-id=\"1049\" class=\"elementor elementor-1049\">\n\t\t\t\t\t\t<section class=\"elementor-section elementor-top-section elementor-element elementor-element-1071ef8 elementor-section-boxed elementor-section-height-default elementor-section-height-default\" data-id=\"1071ef8\" data-element_type=\"section\">\n\t\t\t\t\t\t<div class=\"elementor-container elementor-column-gap-default\">\n\t\t\t\t\t<div class=\"elementor-column elementor-col-100 elementor-top-column elementor-element elementor-element-2a8bd8a\" data-id=\"2a8bd8a\" data-element_type=\"column\">\n\t\t\t<div class=\"elementor-widget-wrap elementor-element-populated\">\n\t\t\t\t\t\t<div class=\"elementor-element elementor-element-c11db9c elementor-widget elementor-widget-heading\" data-id=\"c11db9c\" data-element_type=\"widget\" data-widget_type=\"heading.default\">\n\t\t\t\t<div class=\"elementor-widget-container\">\n\t\t\t\t\t<h1 class=\"elementor-heading-title elementor-size-default\">Que tenemos en el Repositorio de VeI<\/h1>\t\t\t\t<\/div>\n\t\t\t\t<\/div>\n\t\t\t\t\t<\/div>\n\t\t<\/div>\n\t\t\t\t\t<\/div>\n\t\t<\/section>\n\t\t\t\t<section class=\"elementor-section elementor-top-section elementor-element elementor-element-513b2181 elementor-section-boxed elementor-section-height-default elementor-section-height-default\" data-id=\"513b2181\" data-element_type=\"section\">\n\t\t\t\t\t\t<div class=\"elementor-container elementor-column-gap-default\">\n\t\t\t\t\t<div class=\"elementor-column elementor-col-100 elementor-top-column elementor-element elementor-element-525f6ce\" data-id=\"525f6ce\" data-element_type=\"column\">\n\t\t\t<div class=\"elementor-widget-wrap elementor-element-populated\">\n\t\t\t\t\t\t<div class=\"elementor-element elementor-element-471a4ff elementor-widget elementor-widget-text-editor\" data-id=\"471a4ff\" data-element_type=\"widget\" data-widget_type=\"text-editor.default\">\n\t\t\t\t<div class=\"elementor-widget-container\">\n\t\t\t\t\t\t\t\t\t<h2><span style=\"color: #000000;\">Los productos de informaci\u00f3n a partir de servicios de Vigilancia e Inteligencia tiene como finalidad la toma de decisiones. Son productos de nivel de an\u00e1lisis bajo, medio o alto.<\/span><\/h2><p>\u00a0<\/p>\t\t\t\t\t\t\t\t<\/div>\n\t\t\t\t<\/div>\n\t\t\t\t\t<\/div>\n\t\t<\/div>\n\t\t\t\t\t<\/div>\n\t\t<\/section>\n\t\t\t\t<section class=\"elementor-section elementor-top-section elementor-element elementor-element-d921b2e elementor-section-boxed elementor-section-height-default elementor-section-height-default\" data-id=\"d921b2e\" data-element_type=\"section\">\n\t\t\t\t\t\t<div class=\"elementor-container elementor-column-gap-default\">\n\t\t\t\t\t<div class=\"elementor-column elementor-col-100 elementor-top-column elementor-element elementor-element-9a481f3\" data-id=\"9a481f3\" data-element_type=\"column\">\n\t\t\t<div class=\"elementor-widget-wrap elementor-element-populated\">\n\t\t\t\t\t\t<div class=\"elementor-element elementor-element-7e842f0 elementor-widget elementor-widget-text-editor\" data-id=\"7e842f0\" data-element_type=\"widget\" data-widget_type=\"text-editor.default\">\n\t\t\t\t<div class=\"elementor-widget-container\">\n\t\t\t\t\t\t\t\t\t<p style=\"text-align: justify;\">El usuario tendr\u00e1 acceso a los documentos archivados en la Biblioteca de Medios, en la carpeta seleccionada. Los archivos mostrados seg\u00fan la cantidad deseada, pueden ser ordenados por nombre, tama\u00f1o, tipo y fecha de actualizaci\u00f3n. Estos pueden ser mostrados en forma de <u>lista<\/u> o de <u>icons<\/u>. Se facilita la opci\u00f3n de \u201cdescargar\u201d el documento.<\/p>\t\t\t\t\t\t\t\t<\/div>\n\t\t\t\t<\/div>\n\t\t\t\t\t<\/div>\n\t\t<\/div>\n\t\t\t\t\t<\/div>\n\t\t<\/section>\n\t\t\t\t<section class=\"elementor-section elementor-top-section elementor-element elementor-element-8d10fd0 elementor-section-boxed elementor-section-height-default elementor-section-height-default\" data-id=\"8d10fd0\" data-element_type=\"section\">\n\t\t\t\t\t\t<div class=\"elementor-container elementor-column-gap-default\">\n\t\t\t\t\t<div class=\"elementor-column elementor-col-100 elementor-top-column elementor-element elementor-element-c7c1f8a\" data-id=\"c7c1f8a\" data-element_type=\"column\">\n\t\t\t<div class=\"elementor-widget-wrap elementor-element-populated\">\n\t\t\t\t\t\t<div class=\"elementor-element elementor-element-5bc5a58 elementor-widget elementor-widget-shortcode\" data-id=\"5bc5a58\" data-element_type=\"widget\" data-widget_type=\"shortcode.default\">\n\t\t\t\t<div class=\"elementor-widget-container\">\n\t\t\t\t\t\t\t<div class=\"elementor-shortcode\"><div id=\"filebird-document-library\"><div class=\"njt-fbdl\" data-json=\"{&quot;request&quot;:{&quot;pagination&quot;:{&quot;current&quot;:1,&quot;limit&quot;:5},&quot;search&quot;:&quot;&quot;,&quot;orderBy&quot;:&quot;post_title&quot;,&quot;orderType&quot;:&quot;DESC&quot;,&quot;selectedFolder&quot;:[&quot;I\\\/uz0P921r4m7RZyCFrVOA==&quot;]},&quot;title&quot;:&quot;Repositorio de Productos de Informaci\\u00f3n de VeI&quot;,&quot;column&quot;:3,&quot;layout&quot;:&quot;grid&quot;}\"><\/div><\/div><\/div>\n\t\t\t\t\t\t<\/div>\n\t\t\t\t<\/div>\n\t\t\t\t\t<\/div>\n\t\t<\/div>\n\t\t\t\t\t<\/div>\n\t\t<\/section>\n\t\t\t\t<\/div>\n\t\t","protected":false},"excerpt":{"rendered":"<p>Que tenemos en el Repositorio de VeI Los productos de informaci\u00f3n a partir de servicios de Vigilancia e Inteligencia tiene como finalidad la toma de decisiones. Son productos de nivel de an\u00e1lisis bajo, medio o alto. El usuario tendr\u00e1 acceso a los documentos archivados en la Biblioteca de Medios, en la carpeta seleccionada. Los archivos<\/p>\n","protected":false},"author":1,"featured_media":0,"parent":0,"menu_order":0,"comment_status":"closed","ping_status":"closed","template":"fullwidth.php","meta":{"footnotes":""},"class_list":["post-1049","page","type-page","status-publish","hentry"],"_links":{"self":[{"href":"https:\/\/vigintel.tu1trillon.com\/index.php?rest_route=\/wp\/v2\/pages\/1049","targetHints":{"allow":["GET"]}}],"collection":[{"href":"https:\/\/vigintel.tu1trillon.com\/index.php?rest_route=\/wp\/v2\/pages"}],"about":[{"href":"https:\/\/vigintel.tu1trillon.com\/index.php?rest_route=\/wp\/v2\/types\/page"}],"author":[{"embeddable":true,"href":"https:\/\/vigintel.tu1trillon.com\/index.php?rest_route=\/wp\/v2\/users\/1"}],"replies":[{"embeddable":true,"href":"https:\/\/vigintel.tu1trillon.com\/index.php?rest_route=%2Fwp%2Fv2%2Fcomments&post=1049"}],"version-history":[{"count":32,"href":"https:\/\/vigintel.tu1trillon.com\/index.php?rest_route=\/wp\/v2\/pages\/1049\/revisions"}],"predecessor-version":[{"id":1633,"href":"https:\/\/vigintel.tu1trillon.com\/index.php?rest_route=\/wp\/v2\/pages\/1049\/revisions\/1633"}],"wp:attachment":[{"href":"https:\/\/vigintel.tu1trillon.com\/index.php?rest_route=%2Fwp%2Fv2%2Fmedia&parent=1049"}],"curies":[{"name":"wp","href":"https:\/\/api.w.org\/{rel}","templated":true}]}}